{"id":1493,"date":"2020-06-02T16:29:55","date_gmt":"2020-06-02T14:29:55","guid":{"rendered":"http:\/\/actani.fr\/?page_id=1493"},"modified":"2025-11-04T15:01:01","modified_gmt":"2025-11-04T14:01:01","slug":"services","status":"publish","type":"page","link":"https:\/\/actani.fr\/index.php\/services\/","title":{"rendered":"Services"},"content":{"rendered":"<div id=\"pl-gb1493-69e1d5be3acf5\"  class=\"panel-layout\" ><div id=\"pg-gb1493-69e1d5be3acf5-0\"  class=\"panel-grid panel-no-style\" ><div id=\"pgc-gb1493-69e1d5be3acf5-0-0\"  class=\"panel-grid-cell\" ><div id=\"panel-gb1493-69e1d5be3acf5-0-0-0\" class=\"so-panel widget widget_sow-headline panel-first-child panel-last-child\" data-index=\"0\" ><div\n\t\t\t\n\t\t\tclass=\"so-widget-sow-headline so-widget-sow-headline-default-ad15cb5169cb-1493\"\n\t\t\t\n\t\t><div class=\"sow-headline-container \">\n\t<h1 class='sow-headline'>Services propos\u00e9s <\/h1>\t\t\t\t\t<div class=\"decoration\">\n\t\t\t\t\t\t<div class=\"decoration-inside\"><\/div>\n\t\t\t\t\t<\/div>\n\t\t\t\t\t<\/div><\/div><\/div><\/div><\/div><div id=\"pg-gb1493-69e1d5be3acf5-1\"  class=\"panel-grid panel-no-style\" ><div id=\"pgc-gb1493-69e1d5be3acf5-1-0\"  class=\"panel-grid-cell\" ><div id=\"panel-gb1493-69e1d5be3acf5-1-0-0\" class=\"so-panel widget widget_sow-image panel-first-child panel-last-child\" data-index=\"1\" ><div\n\t\t\t\n\t\t\tclass=\"so-widget-sow-image so-widget-sow-image-default-17bc2272b535-1493\"\n\t\t\t\n\t\t>\n\n<div class=\"sow-image-container\">\n\t\t\t<a href=\"https:\/\/actani.fr\/index.php\/services\/education-canine\/\"\n\t\t\t\t\t>\n\t\t\t<img decoding=\"async\" src=\"https:\/\/actani.fr\/wp-content\/uploads\/2020\/06\/playa-8-of-21-480x300.jpg\" width=\"480\" height=\"300\" srcset=\"https:\/\/actani.fr\/wp-content\/uploads\/2020\/06\/playa-8-of-21-480x300.jpg 480w, https:\/\/actani.fr\/wp-content\/uploads\/2020\/06\/playa-8-of-21-640x400.jpg 640w\" sizes=\"(max-width: 480px) 100vw, 480px\" title=\"Education canine\" alt=\"\" loading=\"lazy\" \t\tclass=\"so-widget-image\"\/>\n\t<\/a><\/div>\n\n<\/div><\/div><\/div><div id=\"pgc-gb1493-69e1d5be3acf5-1-1\"  class=\"panel-grid-cell\" ><div id=\"panel-gb1493-69e1d5be3acf5-1-1-0\" class=\"so-panel widget widget_sow-editor panel-first-child panel-last-child\" data-index=\"2\" ><div\n\t\t\t\n\t\t\tclass=\"so-widget-sow-editor so-widget-sow-editor-base\"\n\t\t\t\n\t\t>\n<div class=\"siteorigin-widget-tinymce textwidget\">\n\t<h2 style=\"text-align: center;\"><a href=\"https:\/\/actani.fr\/index.php\/services\/education-canine\/\"><span style=\"color: #993366;\">Education canine<\/span><\/a><\/h2>\n<p>Je vous propose des <span style=\"color: #7fd3c3;\"><strong>s\u00e9ances individuelles<\/strong><\/span> d&rsquo;\u00e9ducation canine. Je vous guiderai dans la compr\u00e9hension des modes d&rsquo;apprentissage de votre chien. Nous d\u00e9finirons et ferons \u00e9voluer ensemble les objectifs \u00e0 travailler. J&rsquo;adapte mes m\u00e9thodes \u00e0 votre chien, toujours dans le respect et la bienveillance.<\/p>\n<\/div>\n<\/div><\/div><\/div><\/div><div id=\"pg-gb1493-69e1d5be3acf5-2\"  class=\"panel-grid panel-no-style\" ><div id=\"pgc-gb1493-69e1d5be3acf5-2-0\"  class=\"panel-grid-cell\" ><div id=\"panel-gb1493-69e1d5be3acf5-2-0-0\" class=\"so-panel widget widget_sow-image panel-first-child panel-last-child\" data-index=\"3\" ><div\n\t\t\t\n\t\t\tclass=\"so-widget-sow-image so-widget-sow-image-default-17bc2272b535-1493\"\n\t\t\t\n\t\t>\n\n<div class=\"sow-image-container\">\n\t\t\t<a href=\"https:\/\/actani.fr\/index.php\/services\/education-canine\/\"\n\t\t\t\t\t>\n\t\t\t<img decoding=\"async\" src=\"https:\/\/actani.fr\/wp-content\/uploads\/2024\/03\/3f3f77aa-f8af-4c44-8150-5762e32db5e6-480x300.jpg\" width=\"480\" height=\"300\" srcset=\"https:\/\/actani.fr\/wp-content\/uploads\/2024\/03\/3f3f77aa-f8af-4c44-8150-5762e32db5e6-480x300.jpg 480w, https:\/\/actani.fr\/wp-content\/uploads\/2024\/03\/3f3f77aa-f8af-4c44-8150-5762e32db5e6-640x400.jpg 640w\" sizes=\"(max-width: 480px) 100vw, 480px\" title=\"Mantrailing Loisir\" alt=\"mantrailing urbain\" loading=\"lazy\" \t\tclass=\"so-widget-image\"\/>\n\t<\/a><\/div>\n\n<\/div><\/div><\/div><div id=\"pgc-gb1493-69e1d5be3acf5-2-1\"  class=\"panel-grid-cell\" ><div id=\"panel-gb1493-69e1d5be3acf5-2-1-0\" class=\"so-panel widget widget_sow-editor panel-first-child panel-last-child\" data-index=\"4\" ><div\n\t\t\t\n\t\t\tclass=\"so-widget-sow-editor so-widget-sow-editor-base\"\n\t\t\t\n\t\t>\n<div class=\"siteorigin-widget-tinymce textwidget\">\n\t<h2 style=\"text-align: center;\"><a href=\"https:\/\/actani.fr\/index.php\/services\/mantrailing\/\"><span style=\"color: #993366;\">Mantrailing loisir <\/span><\/a><\/h2>\n<p>Le Mantrailing est une activit\u00e9 ici de loisir, visant \u00e0 chercher des humains \u00ab\u00a0perdus\u00a0\u00bb. Pour cela,<strong> le chien doit suivre la piste d\u2019un humain cach\u00e9, \u00e0 partir d\u2019un objet de r\u00e9f\u00e9rence sur lequel se trouve l\u2019odeur.\u00a0<\/strong>C&rsquo;est une chouette activit\u00e9 accessible \u00e0 tous, \u00e0 partager avec son chien !<\/p>\n<\/div>\n<\/div><\/div><\/div><\/div><div id=\"pg-gb1493-69e1d5be3acf5-3\"  class=\"panel-grid panel-no-style\" ><div id=\"pgc-gb1493-69e1d5be3acf5-3-0\"  class=\"panel-grid-cell\" ><div id=\"panel-gb1493-69e1d5be3acf5-3-0-0\" class=\"so-panel widget widget_sow-image panel-first-child panel-last-child\" data-index=\"5\" ><div\n\t\t\t\n\t\t\tclass=\"so-widget-sow-image so-widget-sow-image-default-17bc2272b535-1493\"\n\t\t\t\n\t\t>\n\n<div class=\"sow-image-container\">\n\t\t\t<a href=\"https:\/\/actani.fr\/index.php\/services\/education-canine\/\"\n\t\t\t\t\t>\n\t\t\t<img decoding=\"async\" src=\"https:\/\/actani.fr\/wp-content\/uploads\/2022\/05\/IMG_1093-480x300.jpg\" width=\"480\" height=\"300\" srcset=\"https:\/\/actani.fr\/wp-content\/uploads\/2022\/05\/IMG_1093-480x300.jpg 480w, https:\/\/actani.fr\/wp-content\/uploads\/2022\/05\/IMG_1093-640x400.jpg 640w\" sizes=\"(max-width: 480px) 100vw, 480px\" title=\"S\u00e9ance communication\" alt=\"Schweppes et Saya\" loading=\"lazy\" \t\tclass=\"so-widget-image\"\/>\n\t<\/a><\/div>\n\n<\/div><\/div><\/div><div id=\"pgc-gb1493-69e1d5be3acf5-3-1\"  class=\"panel-grid-cell\" ><div id=\"panel-gb1493-69e1d5be3acf5-3-1-0\" class=\"so-panel widget widget_sow-editor panel-first-child panel-last-child\" data-index=\"6\" ><div\n\t\t\t\n\t\t\tclass=\"so-widget-sow-editor so-widget-sow-editor-base\"\n\t\t\t\n\t\t>\n<div class=\"siteorigin-widget-tinymce textwidget\">\n\t<h2 style=\"text-align: center;\"><a href=\"https:\/\/actani.fr\/index.php\/services\/seance-communication\/\"><span style=\"color: #993366;\">S\u00e9ance communication entre chiens <\/span><\/a><\/h2>\n<p>S\u00e9ances de socialisation en libert\u00e9. Expression libre de vos loulous, sans objectifs d&rsquo;\u00e9ducation particuliers ! Ces s\u00e9ances sont l\u00e0 pour laisser nos loulous communiquer, qu&rsquo;ils prennent confiance en leurs capacit\u00e9s et nous en eux.<\/p>\n<\/div>\n<\/div><\/div><\/div><\/div><div id=\"pg-gb1493-69e1d5be3acf5-4\"  class=\"panel-grid panel-no-style\" ><div id=\"pgc-gb1493-69e1d5be3acf5-4-0\"  class=\"panel-grid-cell\" ><div id=\"panel-gb1493-69e1d5be3acf5-4-0-0\" class=\"so-panel widget widget_sow-image panel-first-child panel-last-child\" data-index=\"7\" ><div\n\t\t\t\n\t\t\tclass=\"so-widget-sow-image so-widget-sow-image-default-17bc2272b535-1493\"\n\t\t\t\n\t\t>\n\n<div class=\"sow-image-container\">\n\t\t\t<a href=\"https:\/\/actani.fr\/index.php\/services\/bilan-comportemental\/\"\n\t\t\t\t\t>\n\t\t\t<img decoding=\"async\" src=\"https:\/\/actani.fr\/wp-content\/uploads\/2020\/06\/kovou_jeune-480x300.jpg\" width=\"480\" height=\"300\" srcset=\"https:\/\/actani.fr\/wp-content\/uploads\/2020\/06\/kovou_jeune-480x300.jpg 480w, https:\/\/actani.fr\/wp-content\/uploads\/2020\/06\/kovou_jeune-640x400.jpg 640w\" sizes=\"(max-width: 480px) 100vw, 480px\" title=\"Bilan comportemental\" alt=\"\" loading=\"lazy\" \t\tclass=\"so-widget-image\"\/>\n\t<\/a><\/div>\n\n<\/div><\/div><\/div><div id=\"pgc-gb1493-69e1d5be3acf5-4-1\"  class=\"panel-grid-cell\" ><div id=\"panel-gb1493-69e1d5be3acf5-4-1-0\" class=\"so-panel widget widget_sow-editor panel-first-child panel-last-child\" data-index=\"8\" ><div\n\t\t\t\n\t\t\tclass=\"so-widget-sow-editor so-widget-sow-editor-base\"\n\t\t\t\n\t\t>\n<div class=\"siteorigin-widget-tinymce textwidget\">\n\t<h2 style=\"text-align: center;\"><a href=\"https:\/\/actani.fr\/index.php\/services\/bilan-comportemental\/\"><span style=\"color: #993366;\">Bilan comportemental<\/span><\/a><\/h2>\n<p>Je viens \u00e0 votre domicile pour faire un bilan avec vous et identifier la ou les causes du ou des comportements probl\u00e9matiques (<span style=\"color: #7fd3c3;\"><strong>vocalises<\/strong><\/span>, <span style=\"color: #7fd3c3;\"><strong>destructions<\/strong><\/span>, <span style=\"color: #7fd3c3;\"><strong>peurs<\/strong><\/span>, <span style=\"color: #7fd3c3;\"><strong>agressions<\/strong><\/span>, etc.). Nous prenons le temps de discuter ensemble,\u00a0 de comprendre au mieux la cause du comportement de votre animal et de trouver des solutions personnalis\u00e9es \u00e0 mettre en pratique. Je vous envoie un compte rendu quelques jours apr\u00e8s et nous faisons des points t\u00e9l\u00e9phoniques r\u00e9guliers, les semaines et mois suivants.<\/p>\n<\/div>\n<\/div><\/div><\/div><\/div><div id=\"pg-gb1493-69e1d5be3acf5-5\"  class=\"panel-grid panel-no-style\" ><div id=\"pgc-gb1493-69e1d5be3acf5-5-0\"  class=\"panel-grid-cell\" ><div id=\"panel-gb1493-69e1d5be3acf5-5-0-0\" class=\"so-panel widget widget_sow-image panel-first-child panel-last-child\" data-index=\"9\" ><div\n\t\t\t\n\t\t\tclass=\"so-widget-sow-image so-widget-sow-image-default-17bc2272b535-1493\"\n\t\t\t\n\t\t>\n\n<div class=\"sow-image-container\">\n\t\t\t<a href=\"https:\/\/actani.fr\/index.php\/services\/consultation-grand-evenement\/\"\n\t\t\t\t\t>\n\t\t\t<img decoding=\"async\" src=\"https:\/\/actani.fr\/wp-content\/uploads\/2020\/06\/chopin-480x300.jpg\" width=\"480\" height=\"300\" srcset=\"https:\/\/actani.fr\/wp-content\/uploads\/2020\/06\/chopin-480x300.jpg 480w, https:\/\/actani.fr\/wp-content\/uploads\/2020\/06\/chopin-640x400.jpg 640w\" sizes=\"(max-width: 480px) 100vw, 480px\" title=\"Consultation grand \u00e9v\u00e9nement \" alt=\"\" loading=\"lazy\" \t\tclass=\"so-widget-image\"\/>\n\t<\/a><\/div>\n\n<\/div><\/div><\/div><div id=\"pgc-gb1493-69e1d5be3acf5-5-1\"  class=\"panel-grid-cell\" ><div id=\"panel-gb1493-69e1d5be3acf5-5-1-0\" class=\"so-panel widget widget_sow-editor panel-first-child panel-last-child\" data-index=\"10\" ><div\n\t\t\t\n\t\t\tclass=\"so-widget-sow-editor so-widget-sow-editor-base\"\n\t\t\t\n\t\t>\n<div class=\"siteorigin-widget-tinymce textwidget\">\n\t<h2 style=\"text-align: center;\"><a href=\"https:\/\/actani.fr\/index.php\/services\/consultation-grand-evenement\/\"><span style=\"color: #993366;\">Pr\u00e9paration grand \u00e9v\u00e9nement<\/span><\/a><\/h2>\n<p>Arriv\u00e9e prochaine d&rsquo;un nouveau membre humain ou animal dans la famille ? D\u00e9m\u00e9nagement ? D\u00e9part en vacances ? Pour certains animaux, ces <span style=\"color: #7fd3c3;\"><strong>changements peuvent \u00eatre bouleversants<\/strong><\/span> ! Vous pouvez <span style=\"color: #7fd3c3;\"><strong>anticiper<\/strong> <\/span>afin de pr\u00e9parer le mieux possible votre animal.<\/p>\n<\/div>\n<\/div><\/div><\/div><\/div><div id=\"pg-gb1493-69e1d5be3acf5-6\"  class=\"panel-grid panel-no-style\" ><div id=\"pgc-gb1493-69e1d5be3acf5-6-0\"  class=\"panel-grid-cell\" ><div id=\"panel-gb1493-69e1d5be3acf5-6-0-0\" class=\"so-panel widget widget_sow-image panel-first-child panel-last-child\" data-index=\"11\" ><div\n\t\t\t\n\t\t\tclass=\"so-widget-sow-image so-widget-sow-image-default-17bc2272b535-1493\"\n\t\t\t\n\t\t>\n\n<div class=\"sow-image-container\">\n\t\t\t<a href=\"https:\/\/actani.fr\/index.php\/services\/consultation-pre-adoption\/\"\n\t\t\t\t\t>\n\t\t\t<img decoding=\"async\" src=\"https:\/\/actani.fr\/wp-content\/uploads\/2020\/06\/DSC05919-480x300.jpg\" width=\"480\" height=\"300\" srcset=\"https:\/\/actani.fr\/wp-content\/uploads\/2020\/06\/DSC05919-480x300.jpg 480w, https:\/\/actani.fr\/wp-content\/uploads\/2020\/06\/DSC05919-640x400.jpg 640w\" sizes=\"(max-width: 480px) 100vw, 480px\" title=\"Consultation pr\u00e9-adoption\" alt=\"Shana Toundra\" loading=\"lazy\" \t\tclass=\"so-widget-image\"\/>\n\t<\/a><\/div>\n\n<\/div><\/div><\/div><div id=\"pgc-gb1493-69e1d5be3acf5-6-1\"  class=\"panel-grid-cell\" ><div id=\"panel-gb1493-69e1d5be3acf5-6-1-0\" class=\"so-panel widget widget_sow-editor panel-first-child panel-last-child\" data-index=\"12\" ><div\n\t\t\t\n\t\t\tclass=\"so-widget-sow-editor so-widget-sow-editor-base\"\n\t\t\t\n\t\t>\n<div class=\"siteorigin-widget-tinymce textwidget\">\n\t<h2 style=\"text-align: center;\"><a href=\"https:\/\/actani.fr\/index.php\/services\/consultation-pre-adoption\/\"><span style=\"color: #993366;\">Conseils avant adoption<\/span><\/a><\/h2>\n<p>Chat, chien, quel type d&rsquo;animal serait adapt\u00e9 \u00e0 ma famille ? Comment bien l&rsquo;accueillir ? Comment adapter mon logement ? Comment pr\u00e9parer les membres poilus de la famille ? Par o\u00f9 commencer ? Autant de questions sur lesquelles je peux vous \u00e9clairer pour <span style=\"color: #7fd3c3;\"><strong>commencer cette nouvelle aventure le plus sereinement possible<\/strong><\/span> !<\/p>\n<\/div>\n<\/div><\/div><\/div><\/div><div id=\"pg-gb1493-69e1d5be3acf5-7\"  class=\"panel-grid panel-no-style\" ><div id=\"pgc-gb1493-69e1d5be3acf5-7-0\"  class=\"panel-grid-cell\" ><div id=\"panel-gb1493-69e1d5be3acf5-7-0-0\" class=\"so-panel widget widget_sow-image panel-first-child panel-last-child\" data-index=\"13\" ><div\n\t\t\t\n\t\t\tclass=\"so-widget-sow-image so-widget-sow-image-default-17bc2272b535-1493\"\n\t\t\t\n\t\t>\n\n<div class=\"sow-image-container\">\n\t\t<img decoding=\"async\" src=\"https:\/\/actani.fr\/wp-content\/uploads\/2020\/06\/78470826_484432969097577_3570289820766830592_n-480x300.jpg\" width=\"480\" height=\"300\" srcset=\"https:\/\/actani.fr\/wp-content\/uploads\/2020\/06\/78470826_484432969097577_3570289820766830592_n-480x300.jpg 480w, https:\/\/actani.fr\/wp-content\/uploads\/2020\/06\/78470826_484432969097577_3570289820766830592_n-640x400.jpg 640w\" sizes=\"(max-width: 480px) 100vw, 480px\" title=\"Balade collective\" alt=\"\" loading=\"lazy\" \t\tclass=\"so-widget-image\"\/>\n\t<\/div>\n\n<\/div><\/div><\/div><div id=\"pgc-gb1493-69e1d5be3acf5-7-1\"  class=\"panel-grid-cell\" ><div id=\"panel-gb1493-69e1d5be3acf5-7-1-0\" class=\"so-panel widget widget_sow-editor panel-first-child panel-last-child\" data-index=\"14\" ><div\n\t\t\t\n\t\t\tclass=\"so-widget-sow-editor so-widget-sow-editor-base\"\n\t\t\t\n\t\t>\n<div class=\"siteorigin-widget-tinymce textwidget\">\n\t<h2 style=\"text-align: center;\"><span style=\"color: #993366;\">Balade \u00e9ducative collective<\/span><\/h2>\n<p>Un bon moyen pour <span style=\"color: #7fd3c3;\"><strong>socialiser<\/strong> <\/span>votre animal tout en s&rsquo;amusant ! Nous en profiterons pour \u00e9changer, observer et comprendre la communication de votre chien !<\/p>\n<p>Pour participer aux balades collectives, votre chien doit :<br \/>\n&#8211; avoir ses vaccins \u00e0 jour<br \/>\n&#8211; avoir b\u00e9n\u00e9fici\u00e9 d&rsquo;un bilan comportemental ou d&rsquo;une premi\u00e8re s\u00e9ance d&rsquo;\u00e9ducation avec moi<\/p>\n<p><span style=\"color: #7fd3c3;\"><strong>Forfait balades \u00e9ducatives collectives pendant 1 an : 150\u20ac<\/strong><\/span><\/p>\n<\/div>\n<\/div><\/div><\/div><\/div><div id=\"pg-gb1493-69e1d5be3acf5-8\"  class=\"panel-grid panel-no-style\" ><div id=\"pgc-gb1493-69e1d5be3acf5-8-0\"  class=\"panel-grid-cell\" ><div id=\"panel-gb1493-69e1d5be3acf5-8-0-0\" class=\"so-panel widget widget_sow-image panel-first-child panel-last-child\" data-index=\"15\" ><div\n\t\t\t\n\t\t\tclass=\"so-widget-sow-image so-widget-sow-image-default-17bc2272b535-1493\"\n\t\t\t\n\t\t>\n\n<div class=\"sow-image-container\">\n\t\t\t<a href=\"https:\/\/actani.fr\/index.php\/services\/formules-adoption\/\"\n\t\t\t\t\t>\n\t\t\t<img decoding=\"async\" src=\"https:\/\/actani.fr\/wp-content\/uploads\/2020\/06\/104137417_309076793429128_2956190985470380803_n-480x300.jpg\" width=\"480\" height=\"300\" srcset=\"https:\/\/actani.fr\/wp-content\/uploads\/2020\/06\/104137417_309076793429128_2956190985470380803_n-480x300.jpg 480w, https:\/\/actani.fr\/wp-content\/uploads\/2020\/06\/104137417_309076793429128_2956190985470380803_n-640x400.jpg 640w\" sizes=\"(max-width: 480px) 100vw, 480px\" title=\"Formule chiot\" alt=\"\" loading=\"lazy\" \t\tclass=\"so-widget-image\"\/>\n\t<\/a><\/div>\n\n<\/div><\/div><\/div><div id=\"pgc-gb1493-69e1d5be3acf5-8-1\"  class=\"panel-grid-cell\" ><div id=\"panel-gb1493-69e1d5be3acf5-8-1-0\" class=\"so-panel widget widget_sow-editor panel-first-child panel-last-child\" data-index=\"16\" ><div\n\t\t\t\n\t\t\tclass=\"so-widget-sow-editor so-widget-sow-editor-base\"\n\t\t\t\n\t\t>\n<div class=\"siteorigin-widget-tinymce textwidget\">\n\t<h2 style=\"text-align: center;\"><a href=\"https:\/\/actani.fr\/index.php\/services\/formules-adoption\/\"><span style=\"color: #993366;\">Formules \u00e9ducation du chiot<\/span><\/a><\/h2>\n<p>Apprentissage de la communication canine, sociabilisation, rappel&#8230; Nous abordons les sujets importants lorsque vous accueillez un chiot pour \u00eatre s\u00fbrs que vous d\u00e9marriez bien. La formule chiot comprends une liste de sujets que nous abordons ensemble modifiable selon vos besoins et selon votre chiot.<\/p>\n<\/div>\n<\/div><\/div><\/div><\/div><div id=\"pg-gb1493-69e1d5be3acf5-9\"  class=\"panel-grid panel-no-style\" ><div id=\"pgc-gb1493-69e1d5be3acf5-9-0\"  class=\"panel-grid-cell\" ><div id=\"panel-gb1493-69e1d5be3acf5-9-0-0\" class=\"so-panel widget widget_sow-editor panel-first-child panel-last-child\" data-index=\"17\" ><div\n\t\t\t\n\t\t\tclass=\"so-widget-sow-editor so-widget-sow-editor-base\"\n\t\t\t\n\t\t>\n<div class=\"siteorigin-widget-tinymce textwidget\">\n\t<p><em><span style=\"color: #681653;\">* Hors frais kilom\u00e9triques. Les forfaits et formules ne sont pas remboursables.<\/span><\/em><\/p>\n<h3 style =>secteurs : Aurillac, Maurs, Le Rouget-Pers et alentours<\/h3>\n<\/div>\n<\/div><\/div><\/div><\/div><\/div>\n\n\n<p><\/p>\n","protected":false},"excerpt":{"rendered":"<p>Education canine Je vous propose des s\u00e9ances individuelles d&rsquo;\u00e9ducation canine. Je vous guiderai dans la compr\u00e9hension des modes d&rsquo;apprentissage de votre chien. Nous d\u00e9finirons et ferons \u00e9voluer ensemble les objectifs &#8230;<\/p>\n","protected":false},"author":1,"featured_media":0,"parent":0,"menu_order":0,"comment_status":"closed","ping_status":"closed","template":"template-fullwidth.php","meta":[],"yoast_head":"<!-- This site is optimized with the Yoast SEO plugin v20.5 - https:\/\/yoast.com\/wordpress\/plugins\/seo\/ -->\n<title>Services - ACT&#039;ani education canine, mantrailing<\/title>\n<meta name=\"description\" content=\"education canine positive cantal aurillac , loisir canin, mantrailing cantal (aurillac et alentours)\" \/>\n<meta name=\"robots\" content=\"index, follow, max-snippet:-1, max-image-preview:large, max-video-preview:-1\" \/>\n<link rel=\"canonical\" href=\"https:\/\/actani.fr\/index.php\/services\/\" \/>\n<meta property=\"og:locale\" content=\"fr_FR\" \/>\n<meta property=\"og:type\" content=\"article\" \/>\n<meta property=\"og:title\" content=\"Services - ACT&#039;ani education canine, mantrailing\" \/>\n<meta property=\"og:description\" content=\"education canine positive cantal aurillac , loisir canin, mantrailing cantal (aurillac et alentours)\" \/>\n<meta property=\"og:url\" content=\"https:\/\/actani.fr\/index.php\/services\/\" \/>\n<meta property=\"og:site_name\" content=\"ACT&#039;ani education canine, mantrailing\" \/>\n<meta property=\"article:publisher\" content=\"https:\/\/www.facebook.com\/MorganeACTAni\" \/>\n<meta property=\"article:modified_time\" content=\"2025-11-04T14:01:01+00:00\" \/>\n<meta property=\"og:image\" content=\"https:\/\/actani.fr\/wp-content\/uploads\/2020\/06\/playa-8-of-21-480x300.jpg\" \/>\n<meta name=\"twitter:card\" content=\"summary_large_image\" \/>\n<meta name=\"twitter:label1\" content=\"Dur\u00e9e de lecture estim\u00e9e\" \/>\n\t<meta name=\"twitter:data1\" content=\"4 minutes\" \/>\n<script type=\"application\/ld+json\" class=\"yoast-schema-graph\">{\"@context\":\"https:\/\/schema.org\",\"@graph\":[{\"@type\":\"WebPage\",\"@id\":\"https:\/\/actani.fr\/index.php\/services\/\",\"url\":\"https:\/\/actani.fr\/index.php\/services\/\",\"name\":\"Services - ACT&#039;ani education canine, mantrailing\",\"isPartOf\":{\"@id\":\"https:\/\/actani.fr\/#website\"},\"datePublished\":\"2020-06-02T14:29:55+00:00\",\"dateModified\":\"2025-11-04T14:01:01+00:00\",\"description\":\"education canine positive cantal aurillac , loisir canin, mantrailing cantal (aurillac et alentours)\",\"breadcrumb\":{\"@id\":\"https:\/\/actani.fr\/index.php\/services\/#breadcrumb\"},\"inLanguage\":\"fr-FR\",\"potentialAction\":[{\"@type\":\"ReadAction\",\"target\":[\"https:\/\/actani.fr\/index.php\/services\/\"]}]},{\"@type\":\"BreadcrumbList\",\"@id\":\"https:\/\/actani.fr\/index.php\/services\/#breadcrumb\",\"itemListElement\":[{\"@type\":\"ListItem\",\"position\":1,\"name\":\"Accueil\",\"item\":\"https:\/\/actani.fr\/\"},{\"@type\":\"ListItem\",\"position\":2,\"name\":\"Services\"}]},{\"@type\":\"WebSite\",\"@id\":\"https:\/\/actani.fr\/#website\",\"url\":\"https:\/\/actani.fr\/\",\"name\":\"ACT'ani\",\"description\":\"education canine positive cantal aurillac\",\"publisher\":{\"@id\":\"https:\/\/actani.fr\/#organization\"},\"potentialAction\":[{\"@type\":\"SearchAction\",\"target\":{\"@type\":\"EntryPoint\",\"urlTemplate\":\"https:\/\/actani.fr\/?s={search_term_string}\"},\"query-input\":\"required name=search_term_string\"}],\"inLanguage\":\"fr-FR\"},{\"@type\":\"Organization\",\"@id\":\"https:\/\/actani.fr\/#organization\",\"name\":\"ACT'ani\",\"url\":\"https:\/\/actani.fr\/\",\"logo\":{\"@type\":\"ImageObject\",\"inLanguage\":\"fr-FR\",\"@id\":\"https:\/\/actani.fr\/#\/schema\/logo\/image\/\",\"url\":\"https:\/\/actani.fr\/wp-content\/uploads\/2020\/05\/cropped-cropped-Morgane-OK-1-1.png\",\"contentUrl\":\"https:\/\/actani.fr\/wp-content\/uploads\/2020\/05\/cropped-cropped-Morgane-OK-1-1.png\",\"width\":512,\"height\":512,\"caption\":\"ACT'ani\"},\"image\":{\"@id\":\"https:\/\/actani.fr\/#\/schema\/logo\/image\/\"},\"sameAs\":[\"https:\/\/www.facebook.com\/MorganeACTAni\",\"https:\/\/www.instagram.com\/actani_education\/\"]}]}<\/script>\n<!-- \/ Yoast SEO plugin. -->","yoast_head_json":{"title":"Services - ACT&#039;ani education canine, mantrailing","description":"education canine positive cantal aurillac , loisir canin, mantrailing cantal (aurillac et alentours)","robots":{"index":"index","follow":"follow","max-snippet":"max-snippet:-1","max-image-preview":"max-image-preview:large","max-video-preview":"max-video-preview:-1"},"canonical":"https:\/\/actani.fr\/index.php\/services\/","og_locale":"fr_FR","og_type":"article","og_title":"Services - ACT&#039;ani education canine, mantrailing","og_description":"education canine positive cantal aurillac , loisir canin, mantrailing cantal (aurillac et alentours)","og_url":"https:\/\/actani.fr\/index.php\/services\/","og_site_name":"ACT&#039;ani education canine, mantrailing","article_publisher":"https:\/\/www.facebook.com\/MorganeACTAni","article_modified_time":"2025-11-04T14:01:01+00:00","og_image":[{"url":"https:\/\/actani.fr\/wp-content\/uploads\/2020\/06\/playa-8-of-21-480x300.jpg"}],"twitter_card":"summary_large_image","twitter_misc":{"Dur\u00e9e de lecture estim\u00e9e":"4 minutes"},"schema":{"@context":"https:\/\/schema.org","@graph":[{"@type":"WebPage","@id":"https:\/\/actani.fr\/index.php\/services\/","url":"https:\/\/actani.fr\/index.php\/services\/","name":"Services - ACT&#039;ani education canine, mantrailing","isPartOf":{"@id":"https:\/\/actani.fr\/#website"},"datePublished":"2020-06-02T14:29:55+00:00","dateModified":"2025-11-04T14:01:01+00:00","description":"education canine positive cantal aurillac , loisir canin, mantrailing cantal (aurillac et alentours)","breadcrumb":{"@id":"https:\/\/actani.fr\/index.php\/services\/#breadcrumb"},"inLanguage":"fr-FR","potentialAction":[{"@type":"ReadAction","target":["https:\/\/actani.fr\/index.php\/services\/"]}]},{"@type":"BreadcrumbList","@id":"https:\/\/actani.fr\/index.php\/services\/#breadcrumb","itemListElement":[{"@type":"ListItem","position":1,"name":"Accueil","item":"https:\/\/actani.fr\/"},{"@type":"ListItem","position":2,"name":"Services"}]},{"@type":"WebSite","@id":"https:\/\/actani.fr\/#website","url":"https:\/\/actani.fr\/","name":"ACT'ani","description":"education canine positive cantal aurillac","publisher":{"@id":"https:\/\/actani.fr\/#organization"},"potentialAction":[{"@type":"SearchAction","target":{"@type":"EntryPoint","urlTemplate":"https:\/\/actani.fr\/?s={search_term_string}"},"query-input":"required name=search_term_string"}],"inLanguage":"fr-FR"},{"@type":"Organization","@id":"https:\/\/actani.fr\/#organization","name":"ACT'ani","url":"https:\/\/actani.fr\/","logo":{"@type":"ImageObject","inLanguage":"fr-FR","@id":"https:\/\/actani.fr\/#\/schema\/logo\/image\/","url":"https:\/\/actani.fr\/wp-content\/uploads\/2020\/05\/cropped-cropped-Morgane-OK-1-1.png","contentUrl":"https:\/\/actani.fr\/wp-content\/uploads\/2020\/05\/cropped-cropped-Morgane-OK-1-1.png","width":512,"height":512,"caption":"ACT'ani"},"image":{"@id":"https:\/\/actani.fr\/#\/schema\/logo\/image\/"},"sameAs":["https:\/\/www.facebook.com\/MorganeACTAni","https:\/\/www.instagram.com\/actani_education\/"]}]}},"_links":{"self":[{"href":"https:\/\/actani.fr\/index.php\/wp-json\/wp\/v2\/pages\/1493"}],"collection":[{"href":"https:\/\/actani.fr\/index.php\/wp-json\/wp\/v2\/pages"}],"about":[{"href":"https:\/\/actani.fr\/index.php\/wp-json\/wp\/v2\/types\/page"}],"author":[{"embeddable":true,"href":"https:\/\/actani.fr\/index.php\/wp-json\/wp\/v2\/users\/1"}],"replies":[{"embeddable":true,"href":"https:\/\/actani.fr\/index.php\/wp-json\/wp\/v2\/comments?post=1493"}],"version-history":[{"count":32,"href":"https:\/\/actani.fr\/index.php\/wp-json\/wp\/v2\/pages\/1493\/revisions"}],"predecessor-version":[{"id":2173,"href":"https:\/\/actani.fr\/index.php\/wp-json\/wp\/v2\/pages\/1493\/revisions\/2173"}],"wp:attachment":[{"href":"https:\/\/actani.fr\/index.php\/wp-json\/wp\/v2\/media?parent=1493"}],"curies":[{"name":"wp","href":"https:\/\/api.w.org\/{rel}","templated":true}]}}