{"id":1584,"date":"2020-06-19T16:06:58","date_gmt":"2020-06-19T14:06:58","guid":{"rendered":"http:\/\/actani.fr\/?page_id=1584"},"modified":"2026-01-08T22:12:03","modified_gmt":"2026-01-08T21:12:03","slug":"bilan-comportemental","status":"publish","type":"page","link":"https:\/\/actani.fr\/index.php\/services\/bilan-comportemental\/","title":{"rendered":"Bilan comportemental"},"content":{"rendered":"<div id=\"pl-gb1584-69e6a3a652354\"  class=\"panel-layout\" ><div id=\"pg-gb1584-69e6a3a652354-0\"  class=\"panel-grid panel-no-style\" ><div id=\"pgc-gb1584-69e6a3a652354-0-0\"  class=\"panel-grid-cell\" ><div id=\"panel-gb1584-69e6a3a652354-0-0-0\" class=\"so-panel widget widget_sow-headline panel-first-child panel-last-child\" data-index=\"0\" ><div\n\t\t\t\n\t\t\tclass=\"so-widget-sow-headline so-widget-sow-headline-default-ad15cb5169cb-1584\"\n\t\t\t\n\t\t><div class=\"sow-headline-container \">\n\t<h1 class='sow-headline'>BILAN COMPORTEMENTAL<\/h1>\t\t\t\t\t<div class=\"decoration\">\n\t\t\t\t\t\t<div class=\"decoration-inside\"><\/div>\n\t\t\t\t\t<\/div>\n\t\t\t\t\t<h3 class='sow-sub-headline'>120\u20ac<\/h3><\/div><\/div><\/div><\/div><\/div><div id=\"pg-gb1584-69e6a3a652354-1\"  class=\"panel-grid panel-no-style\" ><div id=\"pgc-gb1584-69e6a3a652354-1-0\"  class=\"panel-grid-cell\" ><div id=\"panel-gb1584-69e6a3a652354-1-0-0\" class=\"so-panel widget widget_sow-image panel-first-child panel-last-child\" data-index=\"1\" ><div\n\t\t\t\n\t\t\tclass=\"so-widget-sow-image so-widget-sow-image-default-17bc2272b535-1584\"\n\t\t\t\n\t\t>\n\n<div class=\"sow-image-container\">\n\t\t<img decoding=\"async\" src=\"https:\/\/actani.fr\/wp-content\/uploads\/2020\/06\/DSC03842-1024x411.jpg\" width=\"800\" height=\"321\" srcset=\"https:\/\/actani.fr\/wp-content\/uploads\/2020\/06\/DSC03842-1024x411.jpg 1024w, https:\/\/actani.fr\/wp-content\/uploads\/2020\/06\/DSC03842-300x120.jpg 300w, https:\/\/actani.fr\/wp-content\/uploads\/2020\/06\/DSC03842-768x308.jpg 768w, https:\/\/actani.fr\/wp-content\/uploads\/2020\/06\/DSC03842-1536x616.jpg 1536w, https:\/\/actani.fr\/wp-content\/uploads\/2020\/06\/DSC03842-2048x821.jpg 2048w\" sizes=\"(max-width: 800px) 100vw, 800px\" title=\"DSC03842\" alt=\"\" loading=\"lazy\" \t\tclass=\"so-widget-image\"\/>\n\t<\/div>\n\n<\/div><\/div><\/div><\/div><div id=\"pg-gb1584-69e6a3a652354-2\"  class=\"panel-grid panel-no-style\" ><div id=\"pgc-gb1584-69e6a3a652354-2-0\"  class=\"panel-grid-cell\" ><div id=\"panel-gb1584-69e6a3a652354-2-0-0\" class=\"so-panel widget widget_sow-editor panel-first-child\" data-index=\"2\" ><div\n\t\t\t\n\t\t\tclass=\"so-widget-sow-editor so-widget-sow-editor-base\"\n\t\t\t\n\t\t>\n<div class=\"siteorigin-widget-tinymce textwidget\">\n\t<h2 style=\"text-align: center;\"><span style=\"color: #681653;\">Qu&rsquo;est-ce qu&rsquo;un bilan comportemental ?\u00a0<\/span><\/h2>\n<p>Si votre animal pr\u00e9sente des troubles comportementaux (aboiements, vocalises, agressions, destructions, malpropret\u00e9, etc.), ce n&rsquo;est pas une fatalit\u00e9 ! Il est possible d&rsquo;identifier la source du probl\u00e8me et de travailler dessus ! C&rsquo;est justement le travail du comportementaliste :<span style=\"color: #7fd3c3;\"><strong> identifier la ou les causes du trouble et proposer des solutions personnalis\u00e9es et adapt\u00e9es au contexte familial<\/strong><\/span>.<\/p>\n<\/div>\n<\/div><\/div><div id=\"panel-gb1584-69e6a3a652354-2-0-1\" class=\"so-panel widget widget_sow-editor\" data-index=\"3\" ><div\n\t\t\t\n\t\t\tclass=\"so-widget-sow-editor so-widget-sow-editor-base\"\n\t\t\t\n\t\t>\n<div class=\"siteorigin-widget-tinymce textwidget\">\n\t<h2 style=\"text-align: center;\"><span style=\"color: #681653;\">Comment se d\u00e9roule un bilan comportemental ?<\/span><\/h2>\n<ol>\n<li>Vous me contactez en me pr\u00e9cisant le trouble auquel vous \u00eates confront\u00e9s.<\/li>\n<li>Nous convenons ensemble d&rsquo;un rendez-vous \u00e0 votre domicile. L&rsquo;environnement dans lequel \u00e9volue l&rsquo;animal \u00e9tant primordial et pouvant influer directement sur son comportement, il est important que la s\u00e9ance se d\u00e9roule \u00e0 votre domicile. Chaque membre de la famille repr\u00e9sentant une pi\u00e8ce du puzzle du monde de votre animal, il vaut mieux que tout le monde soit pr\u00e9sent.<\/li>\n<li>Je me rend chez vous, je vous poserai des questions sur le mode de vie de votre animal, vos habitudes et son environnement. Ce sont des informations n\u00e9cessaires \u00e0 son bilan comportemental. Je vous expose mes hypoth\u00e8ses et <span style=\"color: #7fd3c3;\"><strong>nous \u00e9tablissons ensemble un plan de travail<\/strong><\/span>. Mon objectif est de vous rendre autonome et de vous donner les cl\u00e9s pour r\u00e9soudre le probl\u00e8me. <span style=\"color: #7fd3c3;\"><strong>Un bilan comportemental dure entre 1h30 et 3h<\/strong><\/span>. Si besoin et uniquement si besoin, nous pouvons programmer des s\u00e9ances d&rsquo;\u00e9ducation compl\u00e9mentaires.<\/li>\n<li>Quelques jours apr\u00e8s la consultation, je vous envoie un compte rendu reprenant les notions abord\u00e9es ensemble. J&rsquo;en profite pour voir avec vous si vous avez d\u00e9j\u00e0 commenc\u00e9 \u00e0 appliquer mes conseils et si vous avez des questions.<\/li>\n<li>Je refais un point t\u00e9l\u00e9phonique avec vous r\u00e9guli\u00e8rement, m\u00eame plusieurs mois apr\u00e8s, et nous ajustons le plan de travail en fonction.<\/li>\n<\/ol>\n<\/div>\n<\/div><\/div><div id=\"panel-gb1584-69e6a3a652354-2-0-2\" class=\"so-panel widget widget_sow-editor\" data-index=\"4\" ><div\n\t\t\t\n\t\t\tclass=\"so-widget-sow-editor so-widget-sow-editor-base\"\n\t\t\t\n\t\t>\n<div class=\"siteorigin-widget-tinymce textwidget\">\n\t<h2 style=\"text-align: center;\"><span style=\"color: #681653;\">Quelles sont mes m\u00e9thodes ?<\/span><\/h2>\n<p>Je connais le catalogue comportemental de l&rsquo;esp\u00e8ce et vous proposerai des solutions adapt\u00e9es \u00e0 ses besoins. Je ne travaille qu&rsquo;avec des m\u00e9thodes <span style=\"color: #7fd3c3;\"><strong>bienveillantes<\/strong> <\/span>respectant les besoins de votre animal, personnalis\u00e9es en fonction de votre famille et de votre animal.<\/p>\n<\/div>\n<\/div><\/div><div id=\"panel-gb1584-69e6a3a652354-2-0-3\" class=\"so-panel widget widget_sow-editor\" data-index=\"5\" ><div\n\t\t\t\n\t\t\tclass=\"so-widget-sow-editor so-widget-sow-editor-base\"\n\t\t\t\n\t\t>\n<div class=\"siteorigin-widget-tinymce textwidget\">\n\t<h2 style=\"text-align: center;\"><span style=\"color: #681653;\">O\u00f9 est-ce que j&rsquo;interviens ?<\/span><\/h2>\n<p>J&rsquo;interviens dans un rayon de 45 minutes de route autour de mon domicile (Pers, Cantal). Les frais de d\u00e9placement sont offerts les 20 premiers kilom\u00e8tres. Au del\u00e0, des frais kilom\u00e9triques sont \u00e0 pr\u00e9voir.<\/p>\n<\/div>\n<\/div><\/div><div id=\"panel-gb1584-69e6a3a652354-2-0-4\" class=\"so-panel widget widget_sow-editor panel-last-child\" data-index=\"6\" ><div\n\t\t\t\n\t\t\tclass=\"so-widget-sow-editor so-widget-sow-editor-base\"\n\t\t\t\n\t\t>\n<div class=\"siteorigin-widget-tinymce textwidget\">\n\t<p><span style=\"color: #681653;\"><em>* Hors frais kilom\u00e9triques\u00a0<\/em><\/span><\/p>\n<\/div>\n<\/div><\/div><\/div><\/div><\/div>","protected":false},"excerpt":{"rendered":"","protected":false},"author":1,"featured_media":0,"parent":1493,"menu_order":0,"comment_status":"closed","ping_status":"closed","template":"template-fullwidth.php","meta":[],"yoast_head":"<!-- This site is optimized with the Yoast SEO plugin v20.5 - https:\/\/yoast.com\/wordpress\/plugins\/seo\/ -->\n<title>Bilan comportemental - ACT&#039;ani education canine, mantrailing<\/title>\n<meta name=\"description\" content=\"education canine positive cantal aurillac\" \/>\n<meta name=\"robots\" content=\"index, follow, max-snippet:-1, max-image-preview:large, max-video-preview:-1\" \/>\n<link rel=\"canonical\" href=\"https:\/\/actani.fr\/index.php\/services\/bilan-comportemental\/\" \/>\n<meta property=\"og:locale\" content=\"fr_FR\" \/>\n<meta property=\"og:type\" content=\"article\" \/>\n<meta property=\"og:title\" content=\"Bilan comportemental - ACT&#039;ani education canine, mantrailing\" \/>\n<meta property=\"og:description\" content=\"education canine positive cantal aurillac\" \/>\n<meta property=\"og:url\" content=\"https:\/\/actani.fr\/index.php\/services\/bilan-comportemental\/\" \/>\n<meta property=\"og:site_name\" content=\"ACT&#039;ani education canine, mantrailing\" \/>\n<meta property=\"article:publisher\" content=\"https:\/\/www.facebook.com\/MorganeACTAni\" \/>\n<meta property=\"article:modified_time\" content=\"2026-01-08T21:12:03+00:00\" \/>\n<meta property=\"og:image\" content=\"https:\/\/actani.fr\/wp-content\/uploads\/2020\/06\/DSC03842-1024x411.jpg\" \/>\n<meta name=\"twitter:card\" content=\"summary_large_image\" \/>\n<meta name=\"twitter:label1\" content=\"Dur\u00e9e de lecture estim\u00e9e\" \/>\n\t<meta name=\"twitter:data1\" content=\"3 minutes\" \/>\n<script type=\"application\/ld+json\" class=\"yoast-schema-graph\">{\"@context\":\"https:\/\/schema.org\",\"@graph\":[{\"@type\":\"WebPage\",\"@id\":\"https:\/\/actani.fr\/index.php\/services\/bilan-comportemental\/\",\"url\":\"https:\/\/actani.fr\/index.php\/services\/bilan-comportemental\/\",\"name\":\"Bilan comportemental - ACT&#039;ani education canine, mantrailing\",\"isPartOf\":{\"@id\":\"https:\/\/actani.fr\/#website\"},\"datePublished\":\"2020-06-19T14:06:58+00:00\",\"dateModified\":\"2026-01-08T21:12:03+00:00\",\"description\":\"education canine positive cantal aurillac\",\"breadcrumb\":{\"@id\":\"https:\/\/actani.fr\/index.php\/services\/bilan-comportemental\/#breadcrumb\"},\"inLanguage\":\"fr-FR\",\"potentialAction\":[{\"@type\":\"ReadAction\",\"target\":[\"https:\/\/actani.fr\/index.php\/services\/bilan-comportemental\/\"]}]},{\"@type\":\"BreadcrumbList\",\"@id\":\"https:\/\/actani.fr\/index.php\/services\/bilan-comportemental\/#breadcrumb\",\"itemListElement\":[{\"@type\":\"ListItem\",\"position\":1,\"name\":\"Accueil\",\"item\":\"https:\/\/actani.fr\/\"},{\"@type\":\"ListItem\",\"position\":2,\"name\":\"Services\",\"item\":\"https:\/\/actani.fr\/index.php\/services\/\"},{\"@type\":\"ListItem\",\"position\":3,\"name\":\"Bilan comportemental\"}]},{\"@type\":\"WebSite\",\"@id\":\"https:\/\/actani.fr\/#website\",\"url\":\"https:\/\/actani.fr\/\",\"name\":\"ACT'ani\",\"description\":\"education canine positive cantal aurillac\",\"publisher\":{\"@id\":\"https:\/\/actani.fr\/#organization\"},\"potentialAction\":[{\"@type\":\"SearchAction\",\"target\":{\"@type\":\"EntryPoint\",\"urlTemplate\":\"https:\/\/actani.fr\/?s={search_term_string}\"},\"query-input\":\"required name=search_term_string\"}],\"inLanguage\":\"fr-FR\"},{\"@type\":\"Organization\",\"@id\":\"https:\/\/actani.fr\/#organization\",\"name\":\"ACT'ani\",\"url\":\"https:\/\/actani.fr\/\",\"logo\":{\"@type\":\"ImageObject\",\"inLanguage\":\"fr-FR\",\"@id\":\"https:\/\/actani.fr\/#\/schema\/logo\/image\/\",\"url\":\"https:\/\/actani.fr\/wp-content\/uploads\/2020\/05\/cropped-cropped-Morgane-OK-1-1.png\",\"contentUrl\":\"https:\/\/actani.fr\/wp-content\/uploads\/2020\/05\/cropped-cropped-Morgane-OK-1-1.png\",\"width\":512,\"height\":512,\"caption\":\"ACT'ani\"},\"image\":{\"@id\":\"https:\/\/actani.fr\/#\/schema\/logo\/image\/\"},\"sameAs\":[\"https:\/\/www.facebook.com\/MorganeACTAni\",\"https:\/\/www.instagram.com\/actani_education\/\"]}]}<\/script>\n<!-- \/ Yoast SEO plugin. -->","yoast_head_json":{"title":"Bilan comportemental - ACT&#039;ani education canine, mantrailing","description":"education canine positive cantal aurillac","robots":{"index":"index","follow":"follow","max-snippet":"max-snippet:-1","max-image-preview":"max-image-preview:large","max-video-preview":"max-video-preview:-1"},"canonical":"https:\/\/actani.fr\/index.php\/services\/bilan-comportemental\/","og_locale":"fr_FR","og_type":"article","og_title":"Bilan comportemental - ACT&#039;ani education canine, mantrailing","og_description":"education canine positive cantal aurillac","og_url":"https:\/\/actani.fr\/index.php\/services\/bilan-comportemental\/","og_site_name":"ACT&#039;ani education canine, mantrailing","article_publisher":"https:\/\/www.facebook.com\/MorganeACTAni","article_modified_time":"2026-01-08T21:12:03+00:00","og_image":[{"url":"https:\/\/actani.fr\/wp-content\/uploads\/2020\/06\/DSC03842-1024x411.jpg"}],"twitter_card":"summary_large_image","twitter_misc":{"Dur\u00e9e de lecture estim\u00e9e":"3 minutes"},"schema":{"@context":"https:\/\/schema.org","@graph":[{"@type":"WebPage","@id":"https:\/\/actani.fr\/index.php\/services\/bilan-comportemental\/","url":"https:\/\/actani.fr\/index.php\/services\/bilan-comportemental\/","name":"Bilan comportemental - ACT&#039;ani education canine, mantrailing","isPartOf":{"@id":"https:\/\/actani.fr\/#website"},"datePublished":"2020-06-19T14:06:58+00:00","dateModified":"2026-01-08T21:12:03+00:00","description":"education canine positive cantal aurillac","breadcrumb":{"@id":"https:\/\/actani.fr\/index.php\/services\/bilan-comportemental\/#breadcrumb"},"inLanguage":"fr-FR","potentialAction":[{"@type":"ReadAction","target":["https:\/\/actani.fr\/index.php\/services\/bilan-comportemental\/"]}]},{"@type":"BreadcrumbList","@id":"https:\/\/actani.fr\/index.php\/services\/bilan-comportemental\/#breadcrumb","itemListElement":[{"@type":"ListItem","position":1,"name":"Accueil","item":"https:\/\/actani.fr\/"},{"@type":"ListItem","position":2,"name":"Services","item":"https:\/\/actani.fr\/index.php\/services\/"},{"@type":"ListItem","position":3,"name":"Bilan comportemental"}]},{"@type":"WebSite","@id":"https:\/\/actani.fr\/#website","url":"https:\/\/actani.fr\/","name":"ACT'ani","description":"education canine positive cantal aurillac","publisher":{"@id":"https:\/\/actani.fr\/#organization"},"potentialAction":[{"@type":"SearchAction","target":{"@type":"EntryPoint","urlTemplate":"https:\/\/actani.fr\/?s={search_term_string}"},"query-input":"required name=search_term_string"}],"inLanguage":"fr-FR"},{"@type":"Organization","@id":"https:\/\/actani.fr\/#organization","name":"ACT'ani","url":"https:\/\/actani.fr\/","logo":{"@type":"ImageObject","inLanguage":"fr-FR","@id":"https:\/\/actani.fr\/#\/schema\/logo\/image\/","url":"https:\/\/actani.fr\/wp-content\/uploads\/2020\/05\/cropped-cropped-Morgane-OK-1-1.png","contentUrl":"https:\/\/actani.fr\/wp-content\/uploads\/2020\/05\/cropped-cropped-Morgane-OK-1-1.png","width":512,"height":512,"caption":"ACT'ani"},"image":{"@id":"https:\/\/actani.fr\/#\/schema\/logo\/image\/"},"sameAs":["https:\/\/www.facebook.com\/MorganeACTAni","https:\/\/www.instagram.com\/actani_education\/"]}]}},"_links":{"self":[{"href":"https:\/\/actani.fr\/index.php\/wp-json\/wp\/v2\/pages\/1584"}],"collection":[{"href":"https:\/\/actani.fr\/index.php\/wp-json\/wp\/v2\/pages"}],"about":[{"href":"https:\/\/actani.fr\/index.php\/wp-json\/wp\/v2\/types\/page"}],"author":[{"embeddable":true,"href":"https:\/\/actani.fr\/index.php\/wp-json\/wp\/v2\/users\/1"}],"replies":[{"embeddable":true,"href":"https:\/\/actani.fr\/index.php\/wp-json\/wp\/v2\/comments?post=1584"}],"version-history":[{"count":15,"href":"https:\/\/actani.fr\/index.php\/wp-json\/wp\/v2\/pages\/1584\/revisions"}],"predecessor-version":[{"id":2229,"href":"https:\/\/actani.fr\/index.php\/wp-json\/wp\/v2\/pages\/1584\/revisions\/2229"}],"up":[{"embeddable":true,"href":"https:\/\/actani.fr\/index.php\/wp-json\/wp\/v2\/pages\/1493"}],"wp:attachment":[{"href":"https:\/\/actani.fr\/index.php\/wp-json\/wp\/v2\/media?parent=1584"}],"curies":[{"name":"wp","href":"https:\/\/api.w.org\/{rel}","templated":true}]}}