{"id":1620,"date":"2020-06-22T15:02:27","date_gmt":"2020-06-22T13:02:27","guid":{"rendered":"http:\/\/actani.fr\/?page_id=1620"},"modified":"2026-01-08T22:12:58","modified_gmt":"2026-01-08T21:12:58","slug":"consultation-grand-evenement","status":"publish","type":"page","link":"https:\/\/actani.fr\/index.php\/services\/consultation-grand-evenement\/","title":{"rendered":"Consultation grand \u00e9v\u00e9nement"},"content":{"rendered":"<div id=\"pl-gb1620-69e1d5a4750bd\"  class=\"panel-layout\" ><div id=\"pg-gb1620-69e1d5a4750bd-0\"  class=\"panel-grid panel-no-style\" ><div id=\"pgc-gb1620-69e1d5a4750bd-0-0\"  class=\"panel-grid-cell\" ><div id=\"panel-gb1620-69e1d5a4750bd-0-0-0\" class=\"so-panel widget widget_sow-headline panel-first-child panel-last-child\" data-index=\"0\" ><div\n\t\t\t\n\t\t\tclass=\"so-widget-sow-headline so-widget-sow-headline-default-ad15cb5169cb-1620\"\n\t\t\t\n\t\t><div class=\"sow-headline-container \">\n\t<h1 class='sow-headline'>Consultation grand \u00e9v\u00e9nement (80\u20ac*)<\/h1>\t\t\t\t\t<div class=\"decoration\">\n\t\t\t\t\t\t<div class=\"decoration-inside\"><\/div>\n\t\t\t\t\t<\/div>\n\t\t\t\t\t<\/div><\/div><\/div><\/div><\/div><div id=\"pg-gb1620-69e1d5a4750bd-1\"  class=\"panel-grid panel-no-style\" ><div id=\"pgc-gb1620-69e1d5a4750bd-1-0\"  class=\"panel-grid-cell\" ><div id=\"panel-gb1620-69e1d5a4750bd-1-0-0\" class=\"so-panel widget widget_sow-image panel-first-child panel-last-child\" data-index=\"1\" ><div\n\t\t\t\n\t\t\tclass=\"so-widget-sow-image so-widget-sow-image-default-17bc2272b535-1620\"\n\t\t\t\n\t\t>\n\n<div class=\"sow-image-container\">\n\t\t<img decoding=\"async\" src=\"https:\/\/actani.fr\/wp-content\/uploads\/2020\/06\/DSC05919-1024x682.jpg\" width=\"800\" height=\"533\" srcset=\"https:\/\/actani.fr\/wp-content\/uploads\/2020\/06\/DSC05919-1024x682.jpg 1024w, https:\/\/actani.fr\/wp-content\/uploads\/2020\/06\/DSC05919-300x200.jpg 300w, https:\/\/actani.fr\/wp-content\/uploads\/2020\/06\/DSC05919-768x511.jpg 768w, https:\/\/actani.fr\/wp-content\/uploads\/2020\/06\/DSC05919-1536x1022.jpg 1536w, https:\/\/actani.fr\/wp-content\/uploads\/2020\/06\/DSC05919-2048x1363.jpg 2048w, https:\/\/actani.fr\/wp-content\/uploads\/2020\/06\/DSC05919-272x182.jpg 272w\" sizes=\"(max-width: 800px) 100vw, 800px\" title=\"DSC05919\" alt=\"Shana Toundra\" loading=\"lazy\" \t\tclass=\"so-widget-image\"\/>\n\t<\/div>\n\n<\/div><\/div><\/div><div id=\"pgc-gb1620-69e1d5a4750bd-1-1\"  class=\"panel-grid-cell\" ><div id=\"panel-gb1620-69e1d5a4750bd-1-1-0\" class=\"so-panel widget widget_sow-headline panel-first-child\" data-index=\"2\" ><div\n\t\t\t\n\t\t\tclass=\"so-widget-sow-headline so-widget-sow-headline-default-def8cac92ccd-1620\"\n\t\t\t\n\t\t><div class=\"sow-headline-container \">\n\t<h2 class='sow-headline'>Dans quelle situation ?<\/h2>\t\t\t\t\t<div class=\"decoration\">\n\t\t\t\t\t\t<div class=\"decoration-inside\"><\/div>\n\t\t\t\t\t<\/div>\n\t\t\t\t\t<\/div><\/div><\/div><div id=\"panel-gb1620-69e1d5a4750bd-1-1-1\" class=\"so-panel widget widget_sow-editor panel-last-child\" data-index=\"3\" ><div\n\t\t\t\n\t\t\tclass=\"so-widget-sow-editor so-widget-sow-editor-base\"\n\t\t\t\n\t\t>\n<div class=\"siteorigin-widget-tinymce textwidget\">\n\t<ul>\n<li>Arriv\u00e9e prochaine d&rsquo;un nouveau membre humain ou animal<\/li>\n<li>D\u00e9m\u00e9nagement<\/li>\n<li>D\u00e9part en vacances<\/li>\n<li>Travaux<\/li>\n<li>&#8230;<\/li>\n<\/ul>\n<p>Pour certains animaux, ces changements peuvent \u00eatre bouleversants ! Vous pouvez anticiper afin de pr\u00e9parer le mieux possible votre animal.<\/p>\n<\/div>\n<\/div><\/div><\/div><\/div><div id=\"pg-gb1620-69e1d5a4750bd-2\"  class=\"panel-grid panel-no-style\" ><div id=\"pgc-gb1620-69e1d5a4750bd-2-0\"  class=\"panel-grid-cell\" ><div id=\"panel-gb1620-69e1d5a4750bd-2-0-0\" class=\"so-panel widget widget_sow-headline panel-first-child\" data-index=\"4\" ><div\n\t\t\t\n\t\t\tclass=\"so-widget-sow-headline so-widget-sow-headline-default-def8cac92ccd-1620\"\n\t\t\t\n\t\t><div class=\"sow-headline-container \">\n\t<h2 class='sow-headline'>Comment cela se passe ?<\/h2>\t\t\t\t\t<div class=\"decoration\">\n\t\t\t\t\t\t<div class=\"decoration-inside\"><\/div>\n\t\t\t\t\t<\/div>\n\t\t\t\t\t<\/div><\/div><\/div><div id=\"panel-gb1620-69e1d5a4750bd-2-0-1\" class=\"so-panel widget widget_sow-editor panel-last-child\" data-index=\"5\" ><div\n\t\t\t\n\t\t\tclass=\"so-widget-sow-editor so-widget-sow-editor-base\"\n\t\t\t\n\t\t>\n<div class=\"siteorigin-widget-tinymce textwidget\">\n\t<p>Je me rend \u00e0 votre domicile pour rencontrer votre animal, visualiser son milieu de vie et discuter avec vous du grand \u00e9v\u00e9nement. Je vous donne des conseils sur les am\u00e9nagements et actions \u00e0 faire pour pr\u00e9parer au mieux votre animal et effectuer la <span style=\"color: #7fd3c3;\"><strong>transition la plus douce possible<\/strong><\/span>. Je vous pr\u00e9sente les comportements qu&rsquo;il peut pr\u00e9senter pour que vous puissiez \u00eatre pr\u00e9par\u00e9s. Mon r\u00f4le en tant que comportementaliste est de vous aider vous et votre animal afin que les changements se passent au mieux. <span style=\"color: #7fd3c3;\"><strong>La consultation dure entre 1h et 2h<\/strong><\/span>.<\/p>\n<p>Je vous donnerai des conseils avant, pendant et apr\u00e8s l&rsquo;\u00e9v\u00e9nement si besoin.<\/p>\n<\/div>\n<\/div><\/div><\/div><div id=\"pgc-gb1620-69e1d5a4750bd-2-1\"  class=\"panel-grid-cell\" ><div id=\"panel-gb1620-69e1d5a4750bd-2-1-0\" class=\"so-panel widget widget_sow-image panel-first-child panel-last-child\" data-index=\"6\" ><div\n\t\t\t\n\t\t\tclass=\"so-widget-sow-image so-widget-sow-image-default-17bc2272b535-1620\"\n\t\t\t\n\t\t>\n\n<div class=\"sow-image-container\">\n\t\t<img decoding=\"async\" src=\"https:\/\/actani.fr\/wp-content\/uploads\/2020\/06\/kovou_jeune-1024x682.jpg\" width=\"800\" height=\"533\" srcset=\"https:\/\/actani.fr\/wp-content\/uploads\/2020\/06\/kovou_jeune-1024x682.jpg 1024w, https:\/\/actani.fr\/wp-content\/uploads\/2020\/06\/kovou_jeune-300x200.jpg 300w, https:\/\/actani.fr\/wp-content\/uploads\/2020\/06\/kovou_jeune-768x511.jpg 768w, https:\/\/actani.fr\/wp-content\/uploads\/2020\/06\/kovou_jeune-1536x1022.jpg 1536w, https:\/\/actani.fr\/wp-content\/uploads\/2020\/06\/kovou_jeune-2048x1363.jpg 2048w, https:\/\/actani.fr\/wp-content\/uploads\/2020\/06\/kovou_jeune-272x182.jpg 272w\" sizes=\"(max-width: 800px) 100vw, 800px\" title=\"kovou_jeune\" alt=\"\" loading=\"lazy\" \t\tclass=\"so-widget-image\"\/>\n\t<\/div>\n\n<\/div><\/div><\/div><\/div><div id=\"pg-gb1620-69e1d5a4750bd-3\"  class=\"panel-grid panel-no-style\" ><div id=\"pgc-gb1620-69e1d5a4750bd-3-0\"  class=\"panel-grid-cell\" ><div id=\"panel-gb1620-69e1d5a4750bd-3-0-0\" class=\"so-panel widget widget_sow-headline panel-first-child\" data-index=\"7\" ><div\n\t\t\t\n\t\t\tclass=\"so-widget-sow-headline so-widget-sow-headline-default-def8cac92ccd-1620\"\n\t\t\t\n\t\t><div class=\"sow-headline-container \">\n\t<h2 class='sow-headline'>O\u00f9 est-ce que j&rsquo;interviens ?<\/h2>\t\t\t\t\t<div class=\"decoration\">\n\t\t\t\t\t\t<div class=\"decoration-inside\"><\/div>\n\t\t\t\t\t<\/div>\n\t\t\t\t\t<\/div><\/div><\/div><div id=\"panel-gb1620-69e1d5a4750bd-3-0-1\" class=\"so-panel widget widget_sow-editor panel-last-child\" data-index=\"8\" ><div\n\t\t\t\n\t\t\tclass=\"so-widget-sow-editor so-widget-sow-editor-base\"\n\t\t\t\n\t\t>\n<div class=\"siteorigin-widget-tinymce textwidget\">\n\t<p>J\u2019interviens dans un rayon de 45 minutes de route autour de mon domicile (Pers, Cantal). Les frais de d\u00e9placement sont offerts les 20 premiers kilom\u00e8tres. Au del\u00e0, des frais kilom\u00e9triques sont \u00e0 pr\u00e9voir.<\/p>\n<\/div>\n<\/div><\/div><\/div><\/div><div id=\"pg-gb1620-69e1d5a4750bd-4\"  class=\"panel-grid panel-no-style\" ><div id=\"pgc-gb1620-69e1d5a4750bd-4-0\"  class=\"panel-grid-cell\" ><div id=\"panel-gb1620-69e1d5a4750bd-4-0-0\" class=\"so-panel widget widget_sow-editor panel-first-child panel-last-child\" data-index=\"9\" ><div\n\t\t\t\n\t\t\tclass=\"so-widget-sow-editor so-widget-sow-editor-base\"\n\t\t\t\n\t\t>\n<div class=\"siteorigin-widget-tinymce textwidget\">\n\t<p><span style=\"color: #681653;\"><em>*Hors frais kilom\u00e9triques<\/em><\/span><\/p>\n<\/div>\n<\/div><\/div><\/div><\/div><\/div>","protected":false},"excerpt":{"rendered":"<p>Arriv\u00e9e prochaine d&rsquo;un nouveau membre humain ou animal D\u00e9m\u00e9nagement D\u00e9part en vacances Travaux &#8230; Pour certains animaux, ces changements peuvent \u00eatre bouleversants ! Vous pouvez anticiper afin de pr\u00e9parer le &#8230;<\/p>\n","protected":false},"author":1,"featured_media":0,"parent":1493,"menu_order":0,"comment_status":"closed","ping_status":"closed","template":"template-fullwidth.php","meta":[],"yoast_head":"<!-- This site is optimized with the Yoast SEO plugin v20.5 - https:\/\/yoast.com\/wordpress\/plugins\/seo\/ -->\n<title>Consultation grand \u00e9v\u00e9nement - ACT&#039;ani education canine, mantrailing<\/title>\n<meta name=\"description\" content=\"education canine positive cantal aurillac\" \/>\n<meta name=\"robots\" content=\"index, follow, max-snippet:-1, max-image-preview:large, max-video-preview:-1\" \/>\n<link rel=\"canonical\" href=\"https:\/\/actani.fr\/index.php\/services\/consultation-grand-evenement\/\" \/>\n<meta property=\"og:locale\" content=\"fr_FR\" \/>\n<meta property=\"og:type\" content=\"article\" \/>\n<meta property=\"og:title\" content=\"Consultation grand \u00e9v\u00e9nement - ACT&#039;ani education canine, mantrailing\" \/>\n<meta property=\"og:description\" content=\"education canine positive cantal aurillac\" \/>\n<meta property=\"og:url\" content=\"https:\/\/actani.fr\/index.php\/services\/consultation-grand-evenement\/\" \/>\n<meta property=\"og:site_name\" content=\"ACT&#039;ani education canine, mantrailing\" \/>\n<meta property=\"article:publisher\" content=\"https:\/\/www.facebook.com\/MorganeACTAni\" \/>\n<meta property=\"article:modified_time\" content=\"2026-01-08T21:12:58+00:00\" \/>\n<meta property=\"og:image\" content=\"https:\/\/actani.fr\/wp-content\/uploads\/2020\/06\/DSC05919-1024x682.jpg\" \/>\n<meta name=\"twitter:card\" content=\"summary_large_image\" \/>\n<meta name=\"twitter:label1\" content=\"Dur\u00e9e de lecture estim\u00e9e\" \/>\n\t<meta name=\"twitter:data1\" content=\"2 minutes\" \/>\n<script type=\"application\/ld+json\" class=\"yoast-schema-graph\">{\"@context\":\"https:\/\/schema.org\",\"@graph\":[{\"@type\":\"WebPage\",\"@id\":\"https:\/\/actani.fr\/index.php\/services\/consultation-grand-evenement\/\",\"url\":\"https:\/\/actani.fr\/index.php\/services\/consultation-grand-evenement\/\",\"name\":\"Consultation grand \u00e9v\u00e9nement - ACT&#039;ani education canine, mantrailing\",\"isPartOf\":{\"@id\":\"https:\/\/actani.fr\/#website\"},\"datePublished\":\"2020-06-22T13:02:27+00:00\",\"dateModified\":\"2026-01-08T21:12:58+00:00\",\"description\":\"education canine positive cantal aurillac\",\"breadcrumb\":{\"@id\":\"https:\/\/actani.fr\/index.php\/services\/consultation-grand-evenement\/#breadcrumb\"},\"inLanguage\":\"fr-FR\",\"potentialAction\":[{\"@type\":\"ReadAction\",\"target\":[\"https:\/\/actani.fr\/index.php\/services\/consultation-grand-evenement\/\"]}]},{\"@type\":\"BreadcrumbList\",\"@id\":\"https:\/\/actani.fr\/index.php\/services\/consultation-grand-evenement\/#breadcrumb\",\"itemListElement\":[{\"@type\":\"ListItem\",\"position\":1,\"name\":\"Accueil\",\"item\":\"https:\/\/actani.fr\/\"},{\"@type\":\"ListItem\",\"position\":2,\"name\":\"Services\",\"item\":\"https:\/\/actani.fr\/index.php\/services\/\"},{\"@type\":\"ListItem\",\"position\":3,\"name\":\"Consultation grand \u00e9v\u00e9nement\"}]},{\"@type\":\"WebSite\",\"@id\":\"https:\/\/actani.fr\/#website\",\"url\":\"https:\/\/actani.fr\/\",\"name\":\"ACT'ani\",\"description\":\"education canine positive cantal aurillac\",\"publisher\":{\"@id\":\"https:\/\/actani.fr\/#organization\"},\"potentialAction\":[{\"@type\":\"SearchAction\",\"target\":{\"@type\":\"EntryPoint\",\"urlTemplate\":\"https:\/\/actani.fr\/?s={search_term_string}\"},\"query-input\":\"required name=search_term_string\"}],\"inLanguage\":\"fr-FR\"},{\"@type\":\"Organization\",\"@id\":\"https:\/\/actani.fr\/#organization\",\"name\":\"ACT'ani\",\"url\":\"https:\/\/actani.fr\/\",\"logo\":{\"@type\":\"ImageObject\",\"inLanguage\":\"fr-FR\",\"@id\":\"https:\/\/actani.fr\/#\/schema\/logo\/image\/\",\"url\":\"https:\/\/actani.fr\/wp-content\/uploads\/2020\/05\/cropped-cropped-Morgane-OK-1-1.png\",\"contentUrl\":\"https:\/\/actani.fr\/wp-content\/uploads\/2020\/05\/cropped-cropped-Morgane-OK-1-1.png\",\"width\":512,\"height\":512,\"caption\":\"ACT'ani\"},\"image\":{\"@id\":\"https:\/\/actani.fr\/#\/schema\/logo\/image\/\"},\"sameAs\":[\"https:\/\/www.facebook.com\/MorganeACTAni\",\"https:\/\/www.instagram.com\/actani_education\/\"]}]}<\/script>\n<!-- \/ Yoast SEO plugin. -->","yoast_head_json":{"title":"Consultation grand \u00e9v\u00e9nement - ACT&#039;ani education canine, mantrailing","description":"education canine positive cantal aurillac","robots":{"index":"index","follow":"follow","max-snippet":"max-snippet:-1","max-image-preview":"max-image-preview:large","max-video-preview":"max-video-preview:-1"},"canonical":"https:\/\/actani.fr\/index.php\/services\/consultation-grand-evenement\/","og_locale":"fr_FR","og_type":"article","og_title":"Consultation grand \u00e9v\u00e9nement - ACT&#039;ani education canine, mantrailing","og_description":"education canine positive cantal aurillac","og_url":"https:\/\/actani.fr\/index.php\/services\/consultation-grand-evenement\/","og_site_name":"ACT&#039;ani education canine, mantrailing","article_publisher":"https:\/\/www.facebook.com\/MorganeACTAni","article_modified_time":"2026-01-08T21:12:58+00:00","og_image":[{"url":"https:\/\/actani.fr\/wp-content\/uploads\/2020\/06\/DSC05919-1024x682.jpg"}],"twitter_card":"summary_large_image","twitter_misc":{"Dur\u00e9e de lecture estim\u00e9e":"2 minutes"},"schema":{"@context":"https:\/\/schema.org","@graph":[{"@type":"WebPage","@id":"https:\/\/actani.fr\/index.php\/services\/consultation-grand-evenement\/","url":"https:\/\/actani.fr\/index.php\/services\/consultation-grand-evenement\/","name":"Consultation grand \u00e9v\u00e9nement - ACT&#039;ani education canine, mantrailing","isPartOf":{"@id":"https:\/\/actani.fr\/#website"},"datePublished":"2020-06-22T13:02:27+00:00","dateModified":"2026-01-08T21:12:58+00:00","description":"education canine positive cantal aurillac","breadcrumb":{"@id":"https:\/\/actani.fr\/index.php\/services\/consultation-grand-evenement\/#breadcrumb"},"inLanguage":"fr-FR","potentialAction":[{"@type":"ReadAction","target":["https:\/\/actani.fr\/index.php\/services\/consultation-grand-evenement\/"]}]},{"@type":"BreadcrumbList","@id":"https:\/\/actani.fr\/index.php\/services\/consultation-grand-evenement\/#breadcrumb","itemListElement":[{"@type":"ListItem","position":1,"name":"Accueil","item":"https:\/\/actani.fr\/"},{"@type":"ListItem","position":2,"name":"Services","item":"https:\/\/actani.fr\/index.php\/services\/"},{"@type":"ListItem","position":3,"name":"Consultation grand \u00e9v\u00e9nement"}]},{"@type":"WebSite","@id":"https:\/\/actani.fr\/#website","url":"https:\/\/actani.fr\/","name":"ACT'ani","description":"education canine positive cantal aurillac","publisher":{"@id":"https:\/\/actani.fr\/#organization"},"potentialAction":[{"@type":"SearchAction","target":{"@type":"EntryPoint","urlTemplate":"https:\/\/actani.fr\/?s={search_term_string}"},"query-input":"required name=search_term_string"}],"inLanguage":"fr-FR"},{"@type":"Organization","@id":"https:\/\/actani.fr\/#organization","name":"ACT'ani","url":"https:\/\/actani.fr\/","logo":{"@type":"ImageObject","inLanguage":"fr-FR","@id":"https:\/\/actani.fr\/#\/schema\/logo\/image\/","url":"https:\/\/actani.fr\/wp-content\/uploads\/2020\/05\/cropped-cropped-Morgane-OK-1-1.png","contentUrl":"https:\/\/actani.fr\/wp-content\/uploads\/2020\/05\/cropped-cropped-Morgane-OK-1-1.png","width":512,"height":512,"caption":"ACT'ani"},"image":{"@id":"https:\/\/actani.fr\/#\/schema\/logo\/image\/"},"sameAs":["https:\/\/www.facebook.com\/MorganeACTAni","https:\/\/www.instagram.com\/actani_education\/"]}]}},"_links":{"self":[{"href":"https:\/\/actani.fr\/index.php\/wp-json\/wp\/v2\/pages\/1620"}],"collection":[{"href":"https:\/\/actani.fr\/index.php\/wp-json\/wp\/v2\/pages"}],"about":[{"href":"https:\/\/actani.fr\/index.php\/wp-json\/wp\/v2\/types\/page"}],"author":[{"embeddable":true,"href":"https:\/\/actani.fr\/index.php\/wp-json\/wp\/v2\/users\/1"}],"replies":[{"embeddable":true,"href":"https:\/\/actani.fr\/index.php\/wp-json\/wp\/v2\/comments?post=1620"}],"version-history":[{"count":8,"href":"https:\/\/actani.fr\/index.php\/wp-json\/wp\/v2\/pages\/1620\/revisions"}],"predecessor-version":[{"id":2230,"href":"https:\/\/actani.fr\/index.php\/wp-json\/wp\/v2\/pages\/1620\/revisions\/2230"}],"up":[{"embeddable":true,"href":"https:\/\/actani.fr\/index.php\/wp-json\/wp\/v2\/pages\/1493"}],"wp:attachment":[{"href":"https:\/\/actani.fr\/index.php\/wp-json\/wp\/v2\/media?parent=1620"}],"curies":[{"name":"wp","href":"https:\/\/api.w.org\/{rel}","templated":true}]}}