{"id":1626,"date":"2020-06-22T16:04:43","date_gmt":"2020-06-22T14:04:43","guid":{"rendered":"http:\/\/actani.fr\/?page_id=1626"},"modified":"2026-01-08T22:13:43","modified_gmt":"2026-01-08T21:13:43","slug":"consultation-pre-adoption","status":"publish","type":"page","link":"https:\/\/actani.fr\/index.php\/services\/consultation-pre-adoption\/","title":{"rendered":"Consultation pr\u00e9-adoption"},"content":{"rendered":"<div id=\"pl-gb1626-69ee209d24184\"  class=\"panel-layout\" ><div id=\"pg-gb1626-69ee209d24184-0\"  class=\"panel-grid panel-no-style\" ><div id=\"pgc-gb1626-69ee209d24184-0-0\"  class=\"panel-grid-cell\" ><div id=\"panel-gb1626-69ee209d24184-0-0-0\" class=\"so-panel widget widget_sow-headline panel-first-child panel-last-child\" data-index=\"0\" ><div\n\t\t\t\n\t\t\tclass=\"so-widget-sow-headline so-widget-sow-headline-default-ad15cb5169cb-1626\"\n\t\t\t\n\t\t><div class=\"sow-headline-container \">\n\t<h1 class='sow-headline'>Consultation pr\u00e9-adoption (80\u20ac*)<\/h1>\t\t\t\t\t<div class=\"decoration\">\n\t\t\t\t\t\t<div class=\"decoration-inside\"><\/div>\n\t\t\t\t\t<\/div>\n\t\t\t\t\t<\/div><\/div><\/div><\/div><\/div><div id=\"pg-gb1626-69ee209d24184-1\"  class=\"panel-grid panel-no-style\" ><div id=\"pgc-gb1626-69ee209d24184-1-0\"  class=\"panel-grid-cell\" ><div id=\"panel-gb1626-69ee209d24184-1-0-0\" class=\"so-panel widget widget_sow-image panel-first-child panel-last-child\" data-index=\"1\" ><div\n\t\t\t\n\t\t\tclass=\"so-widget-sow-image so-widget-sow-image-default-17bc2272b535-1626\"\n\t\t\t\n\t\t>\n\n<div class=\"sow-image-container\">\n\t\t<img decoding=\"async\" src=\"https:\/\/actani.fr\/wp-content\/uploads\/2020\/06\/DSC09370-scaled.jpg\" width=\"2560\" height=\"1704\" srcset=\"https:\/\/actani.fr\/wp-content\/uploads\/2020\/06\/DSC09370-scaled.jpg 2560w, https:\/\/actani.fr\/wp-content\/uploads\/2020\/06\/DSC09370-300x200.jpg 300w, https:\/\/actani.fr\/wp-content\/uploads\/2020\/06\/DSC09370-1024x682.jpg 1024w, https:\/\/actani.fr\/wp-content\/uploads\/2020\/06\/DSC09370-768x511.jpg 768w, https:\/\/actani.fr\/wp-content\/uploads\/2020\/06\/DSC09370-1536x1022.jpg 1536w, https:\/\/actani.fr\/wp-content\/uploads\/2020\/06\/DSC09370-2048x1363.jpg 2048w, https:\/\/actani.fr\/wp-content\/uploads\/2020\/06\/DSC09370-272x182.jpg 272w\" sizes=\"(max-width: 2560px) 100vw, 2560px\" title=\"DSC09370\" alt=\"\" loading=\"lazy\" \t\tclass=\"so-widget-image\"\/>\n\t<\/div>\n\n<\/div><\/div><\/div><div id=\"pgc-gb1626-69ee209d24184-1-1\"  class=\"panel-grid-cell\" ><div id=\"panel-gb1626-69ee209d24184-1-1-0\" class=\"so-panel widget widget_sow-headline panel-first-child\" data-index=\"2\" ><div\n\t\t\t\n\t\t\tclass=\"so-widget-sow-headline so-widget-sow-headline-default-def8cac92ccd-1626\"\n\t\t\t\n\t\t><div class=\"sow-headline-container \">\n\t<h2 class='sow-headline'>Quel animal choisir ?<\/h2>\t\t\t\t\t<div class=\"decoration\">\n\t\t\t\t\t\t<div class=\"decoration-inside\"><\/div>\n\t\t\t\t\t<\/div>\n\t\t\t\t\t<\/div><\/div><\/div><div id=\"panel-gb1626-69ee209d24184-1-1-1\" class=\"so-panel widget widget_sow-editor panel-last-child\" data-index=\"3\" ><div\n\t\t\t\n\t\t\tclass=\"so-widget-sow-editor so-widget-sow-editor-base\"\n\t\t\t\n\t\t>\n<div class=\"siteorigin-widget-tinymce textwidget\">\n\t<p>Lorsque l&rsquo;on pr\u00e9voit d&rsquo;accueillir un nouveau chat ou chien, la question du choix de l&rsquo;animal se pose et il est facile de se perdre dans la recherche de r\u00e9ponses sur le choix de l&rsquo;animal.<\/p>\n<ul>\n<li>chat ou chien ?<\/li>\n<li>b\u00e9b\u00e9, adulte, vieux ?<\/li>\n<li>Quelle race ? Quelle taille ?<\/li>\n<li>Elevage ? Refuge ?<\/li>\n<\/ul>\n<p>Mon r\u00f4le et de vous \u00e9couter et de vous conseiller pour trouver l&rsquo;animal qui vous conviendra !<\/p>\n<\/div>\n<\/div><\/div><\/div><\/div><div id=\"pg-gb1626-69ee209d24184-2\"  class=\"panel-grid panel-no-style\" ><div id=\"pgc-gb1626-69ee209d24184-2-0\"  class=\"panel-grid-cell\" ><div id=\"panel-gb1626-69ee209d24184-2-0-0\" class=\"so-panel widget widget_sow-headline panel-first-child\" data-index=\"4\" ><div\n\t\t\t\n\t\t\tclass=\"so-widget-sow-headline so-widget-sow-headline-default-def8cac92ccd-1626\"\n\t\t\t\n\t\t><div class=\"sow-headline-container \">\n\t<h2 class='sow-headline'>Comment bien l&rsquo;accueillir ?<\/h2>\t\t\t\t\t<div class=\"decoration\">\n\t\t\t\t\t\t<div class=\"decoration-inside\"><\/div>\n\t\t\t\t\t<\/div>\n\t\t\t\t\t<\/div><\/div><\/div><div id=\"panel-gb1626-69ee209d24184-2-0-1\" class=\"so-panel widget widget_sow-editor panel-last-child\" data-index=\"5\" ><div\n\t\t\t\n\t\t\tclass=\"so-widget-sow-editor so-widget-sow-editor-base\"\n\t\t\t\n\t\t>\n<div class=\"siteorigin-widget-tinymce textwidget\">\n\t<p>Nous parlons de l&rsquo;adoption de votre futur compagnon. Je donne des conseils sur les <span style=\"color: #7fd3c3;\"><strong>am\u00e9nagements<\/strong> <\/span>\u00e0 faire dans votre logement, les <strong><span style=\"color: #7fd3c3;\">pr\u00e9paratifs<\/span> <\/strong>de son arriv\u00e9e et ses <span style=\"color: #7fd3c3;\"><strong>premiers jours<\/strong><\/span> chez vous. C&rsquo;est aussi l&rsquo;occasion de vous parler des besoins de l&rsquo;esp\u00e8ce, et des bon gestes \u00e0 avoir d\u00e8s le d\u00e9but pour que cela se passe au mieux pour vous et l&rsquo;animal que vous accueillez.<\/p>\n<p>&nbsp;<\/p>\n<\/div>\n<\/div><\/div><\/div><div id=\"pgc-gb1626-69ee209d24184-2-1\"  class=\"panel-grid-cell\" ><div id=\"panel-gb1626-69ee209d24184-2-1-0\" class=\"so-panel widget widget_sow-image panel-first-child panel-last-child\" data-index=\"6\" ><div\n\t\t\t\n\t\t\tclass=\"so-widget-sow-image so-widget-sow-image-default-17bc2272b535-1626\"\n\t\t\t\n\t\t>\n\n<div class=\"sow-image-container\">\n\t\t<img decoding=\"async\" src=\"https:\/\/actani.fr\/wp-content\/uploads\/2020\/06\/IMG_20190924_101402_711-1-640x400.jpg\" width=\"640\" height=\"400\" srcset=\"https:\/\/actani.fr\/wp-content\/uploads\/2020\/06\/IMG_20190924_101402_711-1-640x400.jpg 640w, https:\/\/actani.fr\/wp-content\/uploads\/2020\/06\/IMG_20190924_101402_711-1-480x300.jpg 480w\" sizes=\"(max-width: 640px) 100vw, 640px\" title=\"IMG_20190924_101402_711\" alt=\"\" loading=\"lazy\" \t\tclass=\"so-widget-image\"\/>\n\t<\/div>\n\n<\/div><\/div><\/div><\/div><div id=\"pg-gb1626-69ee209d24184-3\"  class=\"panel-grid panel-no-style\" ><div id=\"pgc-gb1626-69ee209d24184-3-0\"  class=\"panel-grid-cell\" ><div id=\"panel-gb1626-69ee209d24184-3-0-0\" class=\"so-panel widget widget_sow-image panel-first-child panel-last-child\" data-index=\"7\" ><div\n\t\t\t\n\t\t\tclass=\"so-widget-sow-image so-widget-sow-image-default-17bc2272b535-1626\"\n\t\t\t\n\t\t>\n\n<div class=\"sow-image-container\">\n\t\t<img decoding=\"async\" src=\"https:\/\/actani.fr\/wp-content\/uploads\/2020\/06\/DSC01251-2-1024x409.jpg\" width=\"800\" height=\"320\" srcset=\"https:\/\/actani.fr\/wp-content\/uploads\/2020\/06\/DSC01251-2-1024x409.jpg 1024w, https:\/\/actani.fr\/wp-content\/uploads\/2020\/06\/DSC01251-2-300x120.jpg 300w, https:\/\/actani.fr\/wp-content\/uploads\/2020\/06\/DSC01251-2-768x306.jpg 768w, https:\/\/actani.fr\/wp-content\/uploads\/2020\/06\/DSC01251-2-1536x613.jpg 1536w, https:\/\/actani.fr\/wp-content\/uploads\/2020\/06\/DSC01251-2-2048x817.jpg 2048w\" sizes=\"(max-width: 800px) 100vw, 800px\" title=\"DSC01251 (2)\" alt=\"\" loading=\"lazy\" \t\tclass=\"so-widget-image\"\/>\n\t<\/div>\n\n<\/div><\/div><\/div><div id=\"pgc-gb1626-69ee209d24184-3-1\"  class=\"panel-grid-cell\" ><div id=\"panel-gb1626-69ee209d24184-3-1-0\" class=\"so-panel widget widget_sow-headline panel-first-child\" data-index=\"8\" ><div\n\t\t\t\n\t\t\tclass=\"so-widget-sow-headline so-widget-sow-headline-default-def8cac92ccd-1626\"\n\t\t\t\n\t\t><div class=\"sow-headline-container \">\n\t<h2 class='sow-headline'>Comment cela se passe ?<\/h2>\t\t\t\t\t<div class=\"decoration\">\n\t\t\t\t\t\t<div class=\"decoration-inside\"><\/div>\n\t\t\t\t\t<\/div>\n\t\t\t\t\t<\/div><\/div><\/div><div id=\"panel-gb1626-69ee209d24184-3-1-1\" class=\"so-panel widget widget_sow-editor panel-last-child\" data-index=\"9\" ><div\n\t\t\t\n\t\t\tclass=\"so-widget-sow-editor so-widget-sow-editor-base\"\n\t\t\t\n\t\t>\n<div class=\"siteorigin-widget-tinymce textwidget\">\n\t<p>Je me rend \u00e0 votre domicile afin de voir le milieu de vie que vous proposerez \u00e0 votre animal et de vous donner les conseils adapt\u00e9s.<\/p>\n<p>La <span style=\"color: #7fd3c3;\"><strong>consultation dure entre 1h et 2h<\/strong><\/span> et je reste disponible pour vous donner des conseils durant les premi\u00e8res semaines de son accueil.<\/p>\n<p>Vous pouvez aussi consulter la page des<strong> <a href=\"https:\/\/actani.fr\/index.php\/services\/formules-adoption\/\">formules d&rsquo;adoptions<\/a> <\/strong>!<\/p>\n<\/div>\n<\/div><\/div><\/div><\/div><div id=\"pg-gb1626-69ee209d24184-4\"  class=\"panel-grid panel-no-style\" ><div id=\"pgc-gb1626-69ee209d24184-4-0\"  class=\"panel-grid-cell\" ><div id=\"panel-gb1626-69ee209d24184-4-0-0\" class=\"so-panel widget widget_sow-headline panel-first-child\" data-index=\"10\" ><div\n\t\t\t\n\t\t\tclass=\"so-widget-sow-headline so-widget-sow-headline-default-def8cac92ccd-1626\"\n\t\t\t\n\t\t><div class=\"sow-headline-container \">\n\t<h2 class='sow-headline'>O\u00f9 est-ce que j\u2019interviens ?<\/h2>\t\t\t\t\t<div class=\"decoration\">\n\t\t\t\t\t\t<div class=\"decoration-inside\"><\/div>\n\t\t\t\t\t<\/div>\n\t\t\t\t\t<\/div><\/div><\/div><div id=\"panel-gb1626-69ee209d24184-4-0-1\" class=\"so-panel widget widget_sow-editor panel-last-child\" data-index=\"11\" ><div\n\t\t\t\n\t\t\tclass=\"so-widget-sow-editor so-widget-sow-editor-base\"\n\t\t\t\n\t\t>\n<div class=\"siteorigin-widget-tinymce textwidget\">\n\t<p>J\u2019interviens dans un rayon de 45 minutes de route autour de mon domicile (Pers, Cantal). Les frais de d\u00e9placement sont offerts les 20 premiers kilom\u00e8tres. Au del\u00e0, des frais kilom\u00e9triques sont \u00e0 pr\u00e9voir.<\/p>\n<\/div>\n<\/div><\/div><\/div><\/div><div id=\"pg-gb1626-69ee209d24184-5\"  class=\"panel-grid panel-no-style\" ><div id=\"pgc-gb1626-69ee209d24184-5-0\"  class=\"panel-grid-cell\" ><div id=\"panel-gb1626-69ee209d24184-5-0-0\" class=\"so-panel widget widget_sow-editor panel-first-child panel-last-child\" data-index=\"12\" ><div\n\t\t\t\n\t\t\tclass=\"so-widget-sow-editor so-widget-sow-editor-base\"\n\t\t\t\n\t\t>\n<div class=\"siteorigin-widget-tinymce textwidget\">\n\t<p><span style=\"color: #681653;\"><em>*Hors frais kilom\u00e9triques<\/em><\/span><\/p>\n<\/div>\n<\/div><\/div><\/div><\/div><\/div>","protected":false},"excerpt":{"rendered":"<p>Lorsque l&rsquo;on pr\u00e9voit d&rsquo;accueillir un nouveau chat ou chien, la question du choix de l&rsquo;animal se pose et il est facile de se perdre dans la recherche de r\u00e9ponses sur &#8230;<\/p>\n","protected":false},"author":1,"featured_media":0,"parent":1493,"menu_order":0,"comment_status":"closed","ping_status":"closed","template":"template-fullwidth.php","meta":[],"yoast_head":"<!-- This site is optimized with the Yoast SEO plugin v20.5 - https:\/\/yoast.com\/wordpress\/plugins\/seo\/ -->\n<title>Consultation pr\u00e9-adoption - ACT&#039;ani education canine, mantrailing<\/title>\n<meta name=\"description\" content=\"education canine positive cantal aurillac\" \/>\n<meta name=\"robots\" content=\"index, follow, max-snippet:-1, max-image-preview:large, max-video-preview:-1\" \/>\n<link rel=\"canonical\" href=\"https:\/\/actani.fr\/index.php\/services\/consultation-pre-adoption\/\" \/>\n<meta property=\"og:locale\" content=\"fr_FR\" \/>\n<meta property=\"og:type\" content=\"article\" \/>\n<meta property=\"og:title\" content=\"Consultation pr\u00e9-adoption - ACT&#039;ani education canine, mantrailing\" \/>\n<meta property=\"og:description\" content=\"education canine positive cantal aurillac\" \/>\n<meta property=\"og:url\" content=\"https:\/\/actani.fr\/index.php\/services\/consultation-pre-adoption\/\" \/>\n<meta property=\"og:site_name\" content=\"ACT&#039;ani education canine, mantrailing\" \/>\n<meta property=\"article:publisher\" content=\"https:\/\/www.facebook.com\/MorganeACTAni\" \/>\n<meta property=\"article:modified_time\" content=\"2026-01-08T21:13:43+00:00\" \/>\n<meta property=\"og:image\" content=\"https:\/\/actani.fr\/wp-content\/uploads\/2020\/06\/DSC09370-scaled.jpg\" \/>\n<meta name=\"twitter:card\" content=\"summary_large_image\" \/>\n<meta name=\"twitter:label1\" content=\"Dur\u00e9e de lecture estim\u00e9e\" \/>\n\t<meta name=\"twitter:data1\" content=\"2 minutes\" \/>\n<script type=\"application\/ld+json\" class=\"yoast-schema-graph\">{\"@context\":\"https:\/\/schema.org\",\"@graph\":[{\"@type\":\"WebPage\",\"@id\":\"https:\/\/actani.fr\/index.php\/services\/consultation-pre-adoption\/\",\"url\":\"https:\/\/actani.fr\/index.php\/services\/consultation-pre-adoption\/\",\"name\":\"Consultation pr\u00e9-adoption - ACT&#039;ani education canine, mantrailing\",\"isPartOf\":{\"@id\":\"https:\/\/actani.fr\/#website\"},\"datePublished\":\"2020-06-22T14:04:43+00:00\",\"dateModified\":\"2026-01-08T21:13:43+00:00\",\"description\":\"education canine positive cantal aurillac\",\"breadcrumb\":{\"@id\":\"https:\/\/actani.fr\/index.php\/services\/consultation-pre-adoption\/#breadcrumb\"},\"inLanguage\":\"fr-FR\",\"potentialAction\":[{\"@type\":\"ReadAction\",\"target\":[\"https:\/\/actani.fr\/index.php\/services\/consultation-pre-adoption\/\"]}]},{\"@type\":\"BreadcrumbList\",\"@id\":\"https:\/\/actani.fr\/index.php\/services\/consultation-pre-adoption\/#breadcrumb\",\"itemListElement\":[{\"@type\":\"ListItem\",\"position\":1,\"name\":\"Accueil\",\"item\":\"https:\/\/actani.fr\/\"},{\"@type\":\"ListItem\",\"position\":2,\"name\":\"Services\",\"item\":\"https:\/\/actani.fr\/index.php\/services\/\"},{\"@type\":\"ListItem\",\"position\":3,\"name\":\"Consultation pr\u00e9-adoption\"}]},{\"@type\":\"WebSite\",\"@id\":\"https:\/\/actani.fr\/#website\",\"url\":\"https:\/\/actani.fr\/\",\"name\":\"ACT'ani\",\"description\":\"education canine positive cantal aurillac\",\"publisher\":{\"@id\":\"https:\/\/actani.fr\/#organization\"},\"potentialAction\":[{\"@type\":\"SearchAction\",\"target\":{\"@type\":\"EntryPoint\",\"urlTemplate\":\"https:\/\/actani.fr\/?s={search_term_string}\"},\"query-input\":\"required name=search_term_string\"}],\"inLanguage\":\"fr-FR\"},{\"@type\":\"Organization\",\"@id\":\"https:\/\/actani.fr\/#organization\",\"name\":\"ACT'ani\",\"url\":\"https:\/\/actani.fr\/\",\"logo\":{\"@type\":\"ImageObject\",\"inLanguage\":\"fr-FR\",\"@id\":\"https:\/\/actani.fr\/#\/schema\/logo\/image\/\",\"url\":\"https:\/\/actani.fr\/wp-content\/uploads\/2020\/05\/cropped-cropped-Morgane-OK-1-1.png\",\"contentUrl\":\"https:\/\/actani.fr\/wp-content\/uploads\/2020\/05\/cropped-cropped-Morgane-OK-1-1.png\",\"width\":512,\"height\":512,\"caption\":\"ACT'ani\"},\"image\":{\"@id\":\"https:\/\/actani.fr\/#\/schema\/logo\/image\/\"},\"sameAs\":[\"https:\/\/www.facebook.com\/MorganeACTAni\",\"https:\/\/www.instagram.com\/actani_education\/\"]}]}<\/script>\n<!-- \/ Yoast SEO plugin. -->","yoast_head_json":{"title":"Consultation pr\u00e9-adoption - ACT&#039;ani education canine, mantrailing","description":"education canine positive cantal aurillac","robots":{"index":"index","follow":"follow","max-snippet":"max-snippet:-1","max-image-preview":"max-image-preview:large","max-video-preview":"max-video-preview:-1"},"canonical":"https:\/\/actani.fr\/index.php\/services\/consultation-pre-adoption\/","og_locale":"fr_FR","og_type":"article","og_title":"Consultation pr\u00e9-adoption - ACT&#039;ani education canine, mantrailing","og_description":"education canine positive cantal aurillac","og_url":"https:\/\/actani.fr\/index.php\/services\/consultation-pre-adoption\/","og_site_name":"ACT&#039;ani education canine, mantrailing","article_publisher":"https:\/\/www.facebook.com\/MorganeACTAni","article_modified_time":"2026-01-08T21:13:43+00:00","og_image":[{"url":"https:\/\/actani.fr\/wp-content\/uploads\/2020\/06\/DSC09370-scaled.jpg"}],"twitter_card":"summary_large_image","twitter_misc":{"Dur\u00e9e de lecture estim\u00e9e":"2 minutes"},"schema":{"@context":"https:\/\/schema.org","@graph":[{"@type":"WebPage","@id":"https:\/\/actani.fr\/index.php\/services\/consultation-pre-adoption\/","url":"https:\/\/actani.fr\/index.php\/services\/consultation-pre-adoption\/","name":"Consultation pr\u00e9-adoption - ACT&#039;ani education canine, mantrailing","isPartOf":{"@id":"https:\/\/actani.fr\/#website"},"datePublished":"2020-06-22T14:04:43+00:00","dateModified":"2026-01-08T21:13:43+00:00","description":"education canine positive cantal aurillac","breadcrumb":{"@id":"https:\/\/actani.fr\/index.php\/services\/consultation-pre-adoption\/#breadcrumb"},"inLanguage":"fr-FR","potentialAction":[{"@type":"ReadAction","target":["https:\/\/actani.fr\/index.php\/services\/consultation-pre-adoption\/"]}]},{"@type":"BreadcrumbList","@id":"https:\/\/actani.fr\/index.php\/services\/consultation-pre-adoption\/#breadcrumb","itemListElement":[{"@type":"ListItem","position":1,"name":"Accueil","item":"https:\/\/actani.fr\/"},{"@type":"ListItem","position":2,"name":"Services","item":"https:\/\/actani.fr\/index.php\/services\/"},{"@type":"ListItem","position":3,"name":"Consultation pr\u00e9-adoption"}]},{"@type":"WebSite","@id":"https:\/\/actani.fr\/#website","url":"https:\/\/actani.fr\/","name":"ACT'ani","description":"education canine positive cantal aurillac","publisher":{"@id":"https:\/\/actani.fr\/#organization"},"potentialAction":[{"@type":"SearchAction","target":{"@type":"EntryPoint","urlTemplate":"https:\/\/actani.fr\/?s={search_term_string}"},"query-input":"required name=search_term_string"}],"inLanguage":"fr-FR"},{"@type":"Organization","@id":"https:\/\/actani.fr\/#organization","name":"ACT'ani","url":"https:\/\/actani.fr\/","logo":{"@type":"ImageObject","inLanguage":"fr-FR","@id":"https:\/\/actani.fr\/#\/schema\/logo\/image\/","url":"https:\/\/actani.fr\/wp-content\/uploads\/2020\/05\/cropped-cropped-Morgane-OK-1-1.png","contentUrl":"https:\/\/actani.fr\/wp-content\/uploads\/2020\/05\/cropped-cropped-Morgane-OK-1-1.png","width":512,"height":512,"caption":"ACT'ani"},"image":{"@id":"https:\/\/actani.fr\/#\/schema\/logo\/image\/"},"sameAs":["https:\/\/www.facebook.com\/MorganeACTAni","https:\/\/www.instagram.com\/actani_education\/"]}]}},"_links":{"self":[{"href":"https:\/\/actani.fr\/index.php\/wp-json\/wp\/v2\/pages\/1626"}],"collection":[{"href":"https:\/\/actani.fr\/index.php\/wp-json\/wp\/v2\/pages"}],"about":[{"href":"https:\/\/actani.fr\/index.php\/wp-json\/wp\/v2\/types\/page"}],"author":[{"embeddable":true,"href":"https:\/\/actani.fr\/index.php\/wp-json\/wp\/v2\/users\/1"}],"replies":[{"embeddable":true,"href":"https:\/\/actani.fr\/index.php\/wp-json\/wp\/v2\/comments?post=1626"}],"version-history":[{"count":12,"href":"https:\/\/actani.fr\/index.php\/wp-json\/wp\/v2\/pages\/1626\/revisions"}],"predecessor-version":[{"id":2231,"href":"https:\/\/actani.fr\/index.php\/wp-json\/wp\/v2\/pages\/1626\/revisions\/2231"}],"up":[{"embeddable":true,"href":"https:\/\/actani.fr\/index.php\/wp-json\/wp\/v2\/pages\/1493"}],"wp:attachment":[{"href":"https:\/\/actani.fr\/index.php\/wp-json\/wp\/v2\/media?parent=1626"}],"curies":[{"name":"wp","href":"https:\/\/api.w.org\/{rel}","templated":true}]}}