{"id":1640,"date":"2020-06-23T11:58:56","date_gmt":"2020-06-23T09:58:56","guid":{"rendered":"http:\/\/actani.fr\/?page_id=1640"},"modified":"2026-04-17T14:43:25","modified_gmt":"2026-04-17T12:43:25","slug":"formules-adoption","status":"publish","type":"page","link":"https:\/\/actani.fr\/index.php\/services\/formules-adoption\/","title":{"rendered":"Formules chiot"},"content":{"rendered":"<div id=\"pl-gb1640-69e769f8f2265\"  class=\"panel-layout\" ><div id=\"pg-gb1640-69e769f8f2265-0\"  class=\"panel-grid panel-has-style\" ><div class=\"panel-row-style panel-row-style-for-gb1640-69e769f8f2265-0\" ><div id=\"pgc-gb1640-69e769f8f2265-0-0\"  class=\"panel-grid-cell\" ><div id=\"panel-gb1640-69e769f8f2265-0-0-0\" class=\"so-panel widget widget_sow-image panel-first-child panel-last-child\" data-index=\"0\" ><div\n\t\t\t\n\t\t\tclass=\"so-widget-sow-image so-widget-sow-image-default-17bc2272b535-1640\"\n\t\t\t\n\t\t>\n\n<div class=\"sow-image-container\">\n\t\t<img decoding=\"async\" src=\"https:\/\/actani.fr\/wp-content\/uploads\/2022\/08\/0158-1022x1536.jpg\" width=\"1022\" height=\"1536\" srcset=\"https:\/\/actani.fr\/wp-content\/uploads\/2022\/08\/0158-1022x1536.jpg 1022w, https:\/\/actani.fr\/wp-content\/uploads\/2022\/08\/0158-200x300.jpg 200w, https:\/\/actani.fr\/wp-content\/uploads\/2022\/08\/0158-682x1024.jpg 682w, https:\/\/actani.fr\/wp-content\/uploads\/2022\/08\/0158-768x1154.jpg 768w, https:\/\/actani.fr\/wp-content\/uploads\/2022\/08\/0158-1363x2048.jpg 1363w, https:\/\/actani.fr\/wp-content\/uploads\/2022\/08\/0158-scaled.jpg 1704w\" sizes=\"(max-width: 1022px) 100vw, 1022px\" title=\"Tostaky qui fait le petit parcours\" alt=\"Tostaky - parcours\" loading=\"lazy\" \t\tclass=\"so-widget-image\"\/>\n\t<\/div>\n\n<\/div><\/div><\/div><div id=\"pgc-gb1640-69e769f8f2265-0-1\"  class=\"panel-grid-cell\" ><div id=\"panel-gb1640-69e769f8f2265-0-1-0\" class=\"so-panel widget widget_sow-headline panel-first-child\" data-index=\"1\" ><div\n\t\t\t\n\t\t\tclass=\"so-widget-sow-headline so-widget-sow-headline-default-924d8ffd14ee-1640\"\n\t\t\t\n\t\t><div class=\"sow-headline-container \">\n\t<h2 class='sow-headline'>Formule Chiot Express (de 2 \u00e0 5 mois)<\/h2><h3 class='sow-sub-headline'>1 bilan \u00e9ducatif + 3 s\u00e9ances individuelles + 1 activit\u00e9 collective<\/h3><\/div><\/div><\/div><div id=\"panel-gb1640-69e769f8f2265-0-1-1\" class=\"so-panel widget widget_sow-editor panel-last-child\" data-index=\"2\" ><div\n\t\t\t\n\t\t\tclass=\"so-widget-sow-editor so-widget-sow-editor-base\"\n\t\t\t\n\t\t>\n<div class=\"siteorigin-widget-tinymce textwidget\">\n\t<ul>\n<li>Livret d&rsquo;accueil du chiot<\/li>\n<li>Pr\u00e9vention sur la protection de ressources (nourriture, jouets, etc.)<\/li>\n<li>Apprentissage de la communication canine et comment s\u00e9lectionner des cong\u00e9n\u00e8res adapt\u00e9s<\/li>\n<li>D\u00e9pense mentale (th\u00e9orie et pratique)<\/li>\n<\/ul>\n<p><em>Nous d\u00e9finissions ensemble le contenu du programme pour aborder les points qui sont importants pour vous.<\/em><\/p>\n<p>&nbsp;<\/p>\n<p>Tarif : 230\u20ac*<\/p>\n<p>&nbsp;<\/p>\n<p><span style=\"color: #681653;\"><em>*Hors frais de d\u00e9placement \u00e9ventuels. Le forfait est valable 6 mois.<\/em><\/span><\/p>\n<\/div>\n<\/div><\/div><\/div><\/div><\/div><div id=\"pg-gb1640-69e769f8f2265-1\"  class=\"panel-grid panel-has-style\" ><div class=\"panel-row-style panel-row-style-for-gb1640-69e769f8f2265-1\" ><div id=\"pgc-gb1640-69e769f8f2265-1-0\"  class=\"panel-grid-cell\" ><div id=\"panel-gb1640-69e769f8f2265-1-0-0\" class=\"so-panel widget widget_sow-headline panel-first-child\" data-index=\"3\" ><div\n\t\t\t\n\t\t\tclass=\"so-widget-sow-headline so-widget-sow-headline-default-924d8ffd14ee-1640\"\n\t\t\t\n\t\t><div class=\"sow-headline-container \">\n\t<h2 class='sow-headline'>Formule Chiot (de 2 \u00e0 5 mois)<\/h2><h3 class='sow-sub-headline'>1 bilan \u00e9ducatif + 7 s\u00e9ances individuelles + 2 activit\u00e9s collectives<\/h3><\/div><\/div><\/div><div id=\"panel-gb1640-69e769f8f2265-1-0-1\" class=\"so-panel widget widget_sow-editor panel-last-child\" data-index=\"4\" ><div\n\t\t\t\n\t\t\tclass=\"so-widget-sow-editor so-widget-sow-editor-base\"\n\t\t\t\n\t\t>\n<div class=\"siteorigin-widget-tinymce textwidget\">\n\t<ul>\n<li>Apprentissage de la communication canine<\/li>\n<li>Pr\u00e9vention sur la protection de ressources (nourriture, jouets, etc.)<\/li>\n<li>D\u00e9pense mentale (th\u00e9orie et pratique)<\/li>\n<li>Conditionner le chiot aux soins et \u00e0 la manipulation<\/li>\n<li>Rappel<\/li>\n<li>Marche en laisse<\/li>\n<li>Socialisation chiens<\/li>\n<li>Socialisation milieu urbain et\/ou milieu rural<\/li>\n<li>Ordres de base<\/li>\n<li>Livret d&rsquo;accueil du chiot<\/li>\n<\/ul>\n<p><em>Le programme sera adapt\u00e9 en fonction de vos besoins.<\/em><\/p>\n<p>Tarif : 445\u20ac*<\/p>\n<p><span style=\"color: #681653;\"><em>*Hors frais de d\u00e9placement \u00e9ventuels. Le forfait est valable 6 mois.<\/em><\/span><\/p>\n<\/div>\n<\/div><\/div><\/div><div id=\"pgc-gb1640-69e769f8f2265-1-1\"  class=\"panel-grid-cell\" ><div id=\"panel-gb1640-69e769f8f2265-1-1-0\" class=\"so-panel widget widget_sow-image panel-first-child panel-last-child\" data-index=\"5\" ><div\n\t\t\t\n\t\t\tclass=\"so-widget-sow-image so-widget-sow-image-default-17bc2272b535-1640\"\n\t\t\t\n\t\t>\n\n<div class=\"sow-image-container\">\n\t\t<img decoding=\"async\" src=\"https:\/\/actani.fr\/wp-content\/uploads\/2020\/06\/DSC05903-1536x1022.jpg\" width=\"1536\" height=\"1022\" srcset=\"https:\/\/actani.fr\/wp-content\/uploads\/2020\/06\/DSC05903-1536x1022.jpg 1536w, https:\/\/actani.fr\/wp-content\/uploads\/2020\/06\/DSC05903-300x200.jpg 300w, https:\/\/actani.fr\/wp-content\/uploads\/2020\/06\/DSC05903-1024x682.jpg 1024w, https:\/\/actani.fr\/wp-content\/uploads\/2020\/06\/DSC05903-768x511.jpg 768w, https:\/\/actani.fr\/wp-content\/uploads\/2020\/06\/DSC05903-2048x1363.jpg 2048w, https:\/\/actani.fr\/wp-content\/uploads\/2020\/06\/DSC05903-272x182.jpg 272w\" sizes=\"(max-width: 1536px) 100vw, 1536px\" title=\"DSC05903\" alt=\"\" loading=\"lazy\" \t\tclass=\"so-widget-image\"\/>\n\t<\/div>\n\n<\/div><\/div><\/div><\/div><\/div><\/div>","protected":false},"excerpt":{"rendered":"<p>Livret d&rsquo;accueil du chiot Pr\u00e9vention sur la protection de ressources (nourriture, jouets, etc.) Apprentissage de la communication canine et comment s\u00e9lectionner des cong\u00e9n\u00e8res adapt\u00e9s D\u00e9pense mentale (th\u00e9orie et pratique) Nous &#8230;<\/p>\n","protected":false},"author":1,"featured_media":0,"parent":1493,"menu_order":0,"comment_status":"closed","ping_status":"closed","template":"template-fullwidth.php","meta":[],"yoast_head":"<!-- This site is optimized with the Yoast SEO plugin v20.5 - https:\/\/yoast.com\/wordpress\/plugins\/seo\/ -->\n<title>Formules chiot - ACT&#039;ani education canine, mantrailing<\/title>\n<meta name=\"description\" content=\"education canine positive cantal aurillac\" \/>\n<meta name=\"robots\" content=\"index, follow, max-snippet:-1, max-image-preview:large, max-video-preview:-1\" \/>\n<link rel=\"canonical\" href=\"https:\/\/actani.fr\/index.php\/services\/formules-adoption\/\" \/>\n<meta property=\"og:locale\" content=\"fr_FR\" \/>\n<meta property=\"og:type\" content=\"article\" \/>\n<meta property=\"og:title\" content=\"Formules chiot - ACT&#039;ani education canine, mantrailing\" \/>\n<meta property=\"og:description\" content=\"education canine positive cantal aurillac\" \/>\n<meta property=\"og:url\" content=\"https:\/\/actani.fr\/index.php\/services\/formules-adoption\/\" \/>\n<meta property=\"og:site_name\" content=\"ACT&#039;ani education canine, mantrailing\" \/>\n<meta property=\"article:publisher\" content=\"https:\/\/www.facebook.com\/MorganeACTAni\" \/>\n<meta property=\"article:modified_time\" content=\"2026-04-17T12:43:25+00:00\" \/>\n<meta property=\"og:image\" content=\"https:\/\/actani.fr\/wp-content\/uploads\/2022\/08\/0158-1022x1536.jpg\" \/>\n<meta name=\"twitter:card\" content=\"summary_large_image\" \/>\n<meta name=\"twitter:label1\" content=\"Dur\u00e9e de lecture estim\u00e9e\" \/>\n\t<meta name=\"twitter:data1\" content=\"2 minutes\" \/>\n<script type=\"application\/ld+json\" class=\"yoast-schema-graph\">{\"@context\":\"https:\/\/schema.org\",\"@graph\":[{\"@type\":\"WebPage\",\"@id\":\"https:\/\/actani.fr\/index.php\/services\/formules-adoption\/\",\"url\":\"https:\/\/actani.fr\/index.php\/services\/formules-adoption\/\",\"name\":\"Formules chiot - ACT&#039;ani education canine, mantrailing\",\"isPartOf\":{\"@id\":\"https:\/\/actani.fr\/#website\"},\"datePublished\":\"2020-06-23T09:58:56+00:00\",\"dateModified\":\"2026-04-17T12:43:25+00:00\",\"description\":\"education canine positive cantal aurillac\",\"breadcrumb\":{\"@id\":\"https:\/\/actani.fr\/index.php\/services\/formules-adoption\/#breadcrumb\"},\"inLanguage\":\"fr-FR\",\"potentialAction\":[{\"@type\":\"ReadAction\",\"target\":[\"https:\/\/actani.fr\/index.php\/services\/formules-adoption\/\"]}]},{\"@type\":\"BreadcrumbList\",\"@id\":\"https:\/\/actani.fr\/index.php\/services\/formules-adoption\/#breadcrumb\",\"itemListElement\":[{\"@type\":\"ListItem\",\"position\":1,\"name\":\"Accueil\",\"item\":\"https:\/\/actani.fr\/\"},{\"@type\":\"ListItem\",\"position\":2,\"name\":\"Services\",\"item\":\"https:\/\/actani.fr\/index.php\/services\/\"},{\"@type\":\"ListItem\",\"position\":3,\"name\":\"Formules chiot\"}]},{\"@type\":\"WebSite\",\"@id\":\"https:\/\/actani.fr\/#website\",\"url\":\"https:\/\/actani.fr\/\",\"name\":\"ACT'ani\",\"description\":\"education canine positive cantal aurillac\",\"publisher\":{\"@id\":\"https:\/\/actani.fr\/#organization\"},\"potentialAction\":[{\"@type\":\"SearchAction\",\"target\":{\"@type\":\"EntryPoint\",\"urlTemplate\":\"https:\/\/actani.fr\/?s={search_term_string}\"},\"query-input\":\"required name=search_term_string\"}],\"inLanguage\":\"fr-FR\"},{\"@type\":\"Organization\",\"@id\":\"https:\/\/actani.fr\/#organization\",\"name\":\"ACT'ani\",\"url\":\"https:\/\/actani.fr\/\",\"logo\":{\"@type\":\"ImageObject\",\"inLanguage\":\"fr-FR\",\"@id\":\"https:\/\/actani.fr\/#\/schema\/logo\/image\/\",\"url\":\"https:\/\/actani.fr\/wp-content\/uploads\/2020\/05\/cropped-cropped-Morgane-OK-1-1.png\",\"contentUrl\":\"https:\/\/actani.fr\/wp-content\/uploads\/2020\/05\/cropped-cropped-Morgane-OK-1-1.png\",\"width\":512,\"height\":512,\"caption\":\"ACT'ani\"},\"image\":{\"@id\":\"https:\/\/actani.fr\/#\/schema\/logo\/image\/\"},\"sameAs\":[\"https:\/\/www.facebook.com\/MorganeACTAni\",\"https:\/\/www.instagram.com\/actani_education\/\"]}]}<\/script>\n<!-- \/ Yoast SEO plugin. -->","yoast_head_json":{"title":"Formules chiot - ACT&#039;ani education canine, mantrailing","description":"education canine positive cantal aurillac","robots":{"index":"index","follow":"follow","max-snippet":"max-snippet:-1","max-image-preview":"max-image-preview:large","max-video-preview":"max-video-preview:-1"},"canonical":"https:\/\/actani.fr\/index.php\/services\/formules-adoption\/","og_locale":"fr_FR","og_type":"article","og_title":"Formules chiot - ACT&#039;ani education canine, mantrailing","og_description":"education canine positive cantal aurillac","og_url":"https:\/\/actani.fr\/index.php\/services\/formules-adoption\/","og_site_name":"ACT&#039;ani education canine, mantrailing","article_publisher":"https:\/\/www.facebook.com\/MorganeACTAni","article_modified_time":"2026-04-17T12:43:25+00:00","og_image":[{"url":"https:\/\/actani.fr\/wp-content\/uploads\/2022\/08\/0158-1022x1536.jpg"}],"twitter_card":"summary_large_image","twitter_misc":{"Dur\u00e9e de lecture estim\u00e9e":"2 minutes"},"schema":{"@context":"https:\/\/schema.org","@graph":[{"@type":"WebPage","@id":"https:\/\/actani.fr\/index.php\/services\/formules-adoption\/","url":"https:\/\/actani.fr\/index.php\/services\/formules-adoption\/","name":"Formules chiot - ACT&#039;ani education canine, mantrailing","isPartOf":{"@id":"https:\/\/actani.fr\/#website"},"datePublished":"2020-06-23T09:58:56+00:00","dateModified":"2026-04-17T12:43:25+00:00","description":"education canine positive cantal aurillac","breadcrumb":{"@id":"https:\/\/actani.fr\/index.php\/services\/formules-adoption\/#breadcrumb"},"inLanguage":"fr-FR","potentialAction":[{"@type":"ReadAction","target":["https:\/\/actani.fr\/index.php\/services\/formules-adoption\/"]}]},{"@type":"BreadcrumbList","@id":"https:\/\/actani.fr\/index.php\/services\/formules-adoption\/#breadcrumb","itemListElement":[{"@type":"ListItem","position":1,"name":"Accueil","item":"https:\/\/actani.fr\/"},{"@type":"ListItem","position":2,"name":"Services","item":"https:\/\/actani.fr\/index.php\/services\/"},{"@type":"ListItem","position":3,"name":"Formules chiot"}]},{"@type":"WebSite","@id":"https:\/\/actani.fr\/#website","url":"https:\/\/actani.fr\/","name":"ACT'ani","description":"education canine positive cantal aurillac","publisher":{"@id":"https:\/\/actani.fr\/#organization"},"potentialAction":[{"@type":"SearchAction","target":{"@type":"EntryPoint","urlTemplate":"https:\/\/actani.fr\/?s={search_term_string}"},"query-input":"required name=search_term_string"}],"inLanguage":"fr-FR"},{"@type":"Organization","@id":"https:\/\/actani.fr\/#organization","name":"ACT'ani","url":"https:\/\/actani.fr\/","logo":{"@type":"ImageObject","inLanguage":"fr-FR","@id":"https:\/\/actani.fr\/#\/schema\/logo\/image\/","url":"https:\/\/actani.fr\/wp-content\/uploads\/2020\/05\/cropped-cropped-Morgane-OK-1-1.png","contentUrl":"https:\/\/actani.fr\/wp-content\/uploads\/2020\/05\/cropped-cropped-Morgane-OK-1-1.png","width":512,"height":512,"caption":"ACT'ani"},"image":{"@id":"https:\/\/actani.fr\/#\/schema\/logo\/image\/"},"sameAs":["https:\/\/www.facebook.com\/MorganeACTAni","https:\/\/www.instagram.com\/actani_education\/"]}]}},"_links":{"self":[{"href":"https:\/\/actani.fr\/index.php\/wp-json\/wp\/v2\/pages\/1640"}],"collection":[{"href":"https:\/\/actani.fr\/index.php\/wp-json\/wp\/v2\/pages"}],"about":[{"href":"https:\/\/actani.fr\/index.php\/wp-json\/wp\/v2\/types\/page"}],"author":[{"embeddable":true,"href":"https:\/\/actani.fr\/index.php\/wp-json\/wp\/v2\/users\/1"}],"replies":[{"embeddable":true,"href":"https:\/\/actani.fr\/index.php\/wp-json\/wp\/v2\/comments?post=1640"}],"version-history":[{"count":39,"href":"https:\/\/actani.fr\/index.php\/wp-json\/wp\/v2\/pages\/1640\/revisions"}],"predecessor-version":[{"id":2272,"href":"https:\/\/actani.fr\/index.php\/wp-json\/wp\/v2\/pages\/1640\/revisions\/2272"}],"up":[{"embeddable":true,"href":"https:\/\/actani.fr\/index.php\/wp-json\/wp\/v2\/pages\/1493"}],"wp:attachment":[{"href":"https:\/\/actani.fr\/index.php\/wp-json\/wp\/v2\/media?parent=1640"}],"curies":[{"name":"wp","href":"https:\/\/api.w.org\/{rel}","templated":true}]}}