{"id":1958,"date":"2022-05-31T19:01:16","date_gmt":"2022-05-31T17:01:16","guid":{"rendered":"https:\/\/actani.fr\/?page_id=1958"},"modified":"2024-02-20T19:00:43","modified_gmt":"2024-02-20T18:00:43","slug":"seance-communication","status":"publish","type":"page","link":"https:\/\/actani.fr\/index.php\/services\/seance-communication\/","title":{"rendered":"S\u00e9ance communication"},"content":{"rendered":"<div id=\"pl-gb1958-69e1d42c1de5c\"  class=\"panel-layout\" ><div id=\"pg-gb1958-69e1d42c1de5c-0\"  class=\"panel-grid panel-no-style\" ><div id=\"pgc-gb1958-69e1d42c1de5c-0-0\"  class=\"panel-grid-cell\" ><div id=\"panel-gb1958-69e1d42c1de5c-0-0-0\" class=\"so-panel widget widget_sow-headline panel-first-child panel-last-child\" data-index=\"0\" ><div\n\t\t\t\n\t\t\tclass=\"so-widget-sow-headline so-widget-sow-headline-default-ad15cb5169cb-1958\"\n\t\t\t\n\t\t><div class=\"sow-headline-container \">\n\t<h1 class='sow-headline'>S\u00e9ances communication<\/h1>\t\t\t\t\t<div class=\"decoration\">\n\t\t\t\t\t\t<div class=\"decoration-inside\"><\/div>\n\t\t\t\t\t<\/div>\n\t\t\t\t\t<\/div><\/div><\/div><\/div><\/div><div id=\"pg-gb1958-69e1d42c1de5c-1\"  class=\"panel-grid panel-no-style\" ><div id=\"pgc-gb1958-69e1d42c1de5c-1-0\"  class=\"panel-grid-cell\" ><div id=\"panel-gb1958-69e1d42c1de5c-1-0-0\" class=\"so-panel widget widget_sow-image panel-first-child\" data-index=\"1\" ><div\n\t\t\t\n\t\t\tclass=\"so-widget-sow-image so-widget-sow-image-default-17bc2272b535-1958\"\n\t\t\t\n\t\t>\n\n<div class=\"sow-image-container\">\n\t\t<img decoding=\"async\" src=\"https:\/\/actani.fr\/wp-content\/uploads\/2022\/01\/IMG_1131-1024x683.jpg\" width=\"800\" height=\"534\" srcset=\"https:\/\/actani.fr\/wp-content\/uploads\/2022\/01\/IMG_1131-1024x683.jpg 1024w, https:\/\/actani.fr\/wp-content\/uploads\/2022\/01\/IMG_1131-300x200.jpg 300w, https:\/\/actani.fr\/wp-content\/uploads\/2022\/01\/IMG_1131-768x512.jpg 768w, https:\/\/actani.fr\/wp-content\/uploads\/2022\/01\/IMG_1131-1536x1024.jpg 1536w, https:\/\/actani.fr\/wp-content\/uploads\/2022\/01\/IMG_1131-2048x1365.jpg 2048w, https:\/\/actani.fr\/wp-content\/uploads\/2022\/01\/IMG_1131-272x182.jpg 272w\" sizes=\"(max-width: 800px) 100vw, 800px\" title=\"IMG_1131\" alt=\"\" loading=\"lazy\" \t\tclass=\"so-widget-image\"\/>\n\t<\/div>\n\n<\/div><\/div><div id=\"panel-gb1958-69e1d42c1de5c-1-0-1\" class=\"so-panel widget widget_sow-editor panel-last-child\" data-index=\"2\" ><div\n\t\t\t\n\t\t\tclass=\"so-widget-sow-editor so-widget-sow-editor-base\"\n\t\t\t\n\t\t>\n<div class=\"siteorigin-widget-tinymce textwidget\">\n\t<div class=\"cxmmr5t8 oygrvhab hcukyx3x c1et5uql o9v6fnle ii04i59q\">\n<div dir=\"auto\">Des s\u00e9ances d&rsquo;expression libre de vos loulous, sans objectifs d&rsquo;\u00e9ducation particuliers ! Elles sont l\u00e0 pour <span style=\"color: #7fd3c3;\"><strong>laisser nos loulous communiquer, qu&rsquo;ils prennent confiance en leurs capacit\u00e9s et nous en eux<\/strong><\/span>.<\/div>\n<div dir=\"auto\"><\/div>\n<div dir=\"auto\"><\/div>\n<p>&nbsp;<\/p>\n<\/div>\n<div class=\"cxmmr5t8 oygrvhab hcukyx3x c1et5uql o9v6fnle ii04i59q\">\n<div dir=\"auto\">J&rsquo;accueille 2 chiens (ou plus), sur mon terrain. Les s\u00e9ances communication durent entre 45min et 1h.<\/div>\n<\/div>\n<div dir=\"auto\"><\/div>\n<div class=\"cxmmr5t8 oygrvhab hcukyx3x c1et5uql o9v6fnle ii04i59q\">\n<div dir=\"auto\"><\/div>\n<div dir=\"auto\">Ces s\u00e9ances sont pour l&rsquo;instant uniquement \u00e0 destination des chiens dits sociables. Elles sont interessantes pour vous et votre loulou, peu importe son \u00e2ge et sa confiance en lui dans les interactions canines ! Pas de friandises, pas de jouets et pas d&rsquo;interactions \/ interventions humaines dans les \u00e9changes, sauf si je le demande. Nous ne sommes que des spectateurs. Utilisation de la longe possible sur un des loulous, uniquement si j&rsquo;estime \u00e7a b\u00e9n\u00e9fique.<\/div>\n<p>&nbsp;<\/p>\n<div dir=\"auto\"><\/div>\n<div dir=\"auto\"><em>Les s\u00e9ances communication ont lieu sur mon terrain.<\/em><\/div>\n<\/div>\n<div dir=\"auto\"><\/div>\n<p>&nbsp;<\/p>\n<div dir=\"auto\"><\/div>\n<div dir=\"auto\">Tarif : 25\u20ac<\/div>\n<div dir=\"auto\">Forfait 10 s\u00e9ances loisir (hors mantrailing) : 240\u20ac<\/div>\n<\/div>\n<\/div><\/div><\/div><\/div><\/div>","protected":false},"excerpt":{"rendered":"<p>Des s\u00e9ances d&rsquo;expression libre de vos loulous, sans objectifs d&rsquo;\u00e9ducation particuliers ! Elles sont l\u00e0 pour laisser nos loulous communiquer, qu&rsquo;ils prennent confiance en leurs capacit\u00e9s et nous en eux. &#8230;<\/p>\n","protected":false},"author":1,"featured_media":1955,"parent":1493,"menu_order":0,"comment_status":"closed","ping_status":"closed","template":"template-fullwidth.php","meta":[],"yoast_head":"<!-- This site is optimized with the Yoast SEO plugin v20.5 - https:\/\/yoast.com\/wordpress\/plugins\/seo\/ -->\n<title>S\u00e9ance communication - ACT&#039;ani education canine, mantrailing<\/title>\n<meta name=\"description\" content=\"education canine positive cantal aurillac\" \/>\n<meta name=\"robots\" content=\"index, follow, max-snippet:-1, max-image-preview:large, max-video-preview:-1\" \/>\n<link rel=\"canonical\" href=\"https:\/\/actani.fr\/index.php\/services\/seance-communication\/\" \/>\n<meta property=\"og:locale\" content=\"fr_FR\" \/>\n<meta property=\"og:type\" content=\"article\" \/>\n<meta property=\"og:title\" content=\"S\u00e9ance communication - ACT&#039;ani education canine, mantrailing\" \/>\n<meta property=\"og:description\" content=\"education canine positive cantal aurillac\" \/>\n<meta property=\"og:url\" content=\"https:\/\/actani.fr\/index.php\/services\/seance-communication\/\" \/>\n<meta property=\"og:site_name\" content=\"ACT&#039;ani education canine, mantrailing\" \/>\n<meta property=\"article:publisher\" content=\"https:\/\/www.facebook.com\/MorganeACTAni\" \/>\n<meta property=\"article:modified_time\" content=\"2024-02-20T18:00:43+00:00\" \/>\n<meta property=\"og:image\" content=\"https:\/\/actani.fr\/wp-content\/uploads\/2022\/05\/IMG_1093-scaled.jpg\" \/>\n\t<meta property=\"og:image:width\" content=\"2560\" \/>\n\t<meta property=\"og:image:height\" content=\"1707\" \/>\n\t<meta property=\"og:image:type\" content=\"image\/jpeg\" \/>\n<meta name=\"twitter:card\" content=\"summary_large_image\" \/>\n<meta name=\"twitter:label1\" content=\"Dur\u00e9e de lecture estim\u00e9e\" \/>\n\t<meta name=\"twitter:data1\" content=\"1 minute\" \/>\n<script type=\"application\/ld+json\" class=\"yoast-schema-graph\">{\"@context\":\"https:\/\/schema.org\",\"@graph\":[{\"@type\":\"WebPage\",\"@id\":\"https:\/\/actani.fr\/index.php\/services\/seance-communication\/\",\"url\":\"https:\/\/actani.fr\/index.php\/services\/seance-communication\/\",\"name\":\"S\u00e9ance communication - ACT&#039;ani education canine, mantrailing\",\"isPartOf\":{\"@id\":\"https:\/\/actani.fr\/#website\"},\"datePublished\":\"2022-05-31T17:01:16+00:00\",\"dateModified\":\"2024-02-20T18:00:43+00:00\",\"description\":\"education canine positive cantal aurillac\",\"breadcrumb\":{\"@id\":\"https:\/\/actani.fr\/index.php\/services\/seance-communication\/#breadcrumb\"},\"inLanguage\":\"fr-FR\",\"potentialAction\":[{\"@type\":\"ReadAction\",\"target\":[\"https:\/\/actani.fr\/index.php\/services\/seance-communication\/\"]}]},{\"@type\":\"BreadcrumbList\",\"@id\":\"https:\/\/actani.fr\/index.php\/services\/seance-communication\/#breadcrumb\",\"itemListElement\":[{\"@type\":\"ListItem\",\"position\":1,\"name\":\"Accueil\",\"item\":\"https:\/\/actani.fr\/\"},{\"@type\":\"ListItem\",\"position\":2,\"name\":\"Services\",\"item\":\"https:\/\/actani.fr\/index.php\/services\/\"},{\"@type\":\"ListItem\",\"position\":3,\"name\":\"S\u00e9ance communication\"}]},{\"@type\":\"WebSite\",\"@id\":\"https:\/\/actani.fr\/#website\",\"url\":\"https:\/\/actani.fr\/\",\"name\":\"ACT'ani\",\"description\":\"education canine positive cantal aurillac\",\"publisher\":{\"@id\":\"https:\/\/actani.fr\/#organization\"},\"potentialAction\":[{\"@type\":\"SearchAction\",\"target\":{\"@type\":\"EntryPoint\",\"urlTemplate\":\"https:\/\/actani.fr\/?s={search_term_string}\"},\"query-input\":\"required name=search_term_string\"}],\"inLanguage\":\"fr-FR\"},{\"@type\":\"Organization\",\"@id\":\"https:\/\/actani.fr\/#organization\",\"name\":\"ACT'ani\",\"url\":\"https:\/\/actani.fr\/\",\"logo\":{\"@type\":\"ImageObject\",\"inLanguage\":\"fr-FR\",\"@id\":\"https:\/\/actani.fr\/#\/schema\/logo\/image\/\",\"url\":\"https:\/\/actani.fr\/wp-content\/uploads\/2020\/05\/cropped-cropped-Morgane-OK-1-1.png\",\"contentUrl\":\"https:\/\/actani.fr\/wp-content\/uploads\/2020\/05\/cropped-cropped-Morgane-OK-1-1.png\",\"width\":512,\"height\":512,\"caption\":\"ACT'ani\"},\"image\":{\"@id\":\"https:\/\/actani.fr\/#\/schema\/logo\/image\/\"},\"sameAs\":[\"https:\/\/www.facebook.com\/MorganeACTAni\",\"https:\/\/www.instagram.com\/actani_education\/\"]}]}<\/script>\n<!-- \/ Yoast SEO plugin. -->","yoast_head_json":{"title":"S\u00e9ance communication - ACT&#039;ani education canine, mantrailing","description":"education canine positive cantal aurillac","robots":{"index":"index","follow":"follow","max-snippet":"max-snippet:-1","max-image-preview":"max-image-preview:large","max-video-preview":"max-video-preview:-1"},"canonical":"https:\/\/actani.fr\/index.php\/services\/seance-communication\/","og_locale":"fr_FR","og_type":"article","og_title":"S\u00e9ance communication - ACT&#039;ani education canine, mantrailing","og_description":"education canine positive cantal aurillac","og_url":"https:\/\/actani.fr\/index.php\/services\/seance-communication\/","og_site_name":"ACT&#039;ani education canine, mantrailing","article_publisher":"https:\/\/www.facebook.com\/MorganeACTAni","article_modified_time":"2024-02-20T18:00:43+00:00","og_image":[{"width":2560,"height":1707,"url":"https:\/\/actani.fr\/wp-content\/uploads\/2022\/05\/IMG_1093-scaled.jpg","type":"image\/jpeg"}],"twitter_card":"summary_large_image","twitter_misc":{"Dur\u00e9e de lecture estim\u00e9e":"1 minute"},"schema":{"@context":"https:\/\/schema.org","@graph":[{"@type":"WebPage","@id":"https:\/\/actani.fr\/index.php\/services\/seance-communication\/","url":"https:\/\/actani.fr\/index.php\/services\/seance-communication\/","name":"S\u00e9ance communication - ACT&#039;ani education canine, mantrailing","isPartOf":{"@id":"https:\/\/actani.fr\/#website"},"datePublished":"2022-05-31T17:01:16+00:00","dateModified":"2024-02-20T18:00:43+00:00","description":"education canine positive cantal aurillac","breadcrumb":{"@id":"https:\/\/actani.fr\/index.php\/services\/seance-communication\/#breadcrumb"},"inLanguage":"fr-FR","potentialAction":[{"@type":"ReadAction","target":["https:\/\/actani.fr\/index.php\/services\/seance-communication\/"]}]},{"@type":"BreadcrumbList","@id":"https:\/\/actani.fr\/index.php\/services\/seance-communication\/#breadcrumb","itemListElement":[{"@type":"ListItem","position":1,"name":"Accueil","item":"https:\/\/actani.fr\/"},{"@type":"ListItem","position":2,"name":"Services","item":"https:\/\/actani.fr\/index.php\/services\/"},{"@type":"ListItem","position":3,"name":"S\u00e9ance communication"}]},{"@type":"WebSite","@id":"https:\/\/actani.fr\/#website","url":"https:\/\/actani.fr\/","name":"ACT'ani","description":"education canine positive cantal aurillac","publisher":{"@id":"https:\/\/actani.fr\/#organization"},"potentialAction":[{"@type":"SearchAction","target":{"@type":"EntryPoint","urlTemplate":"https:\/\/actani.fr\/?s={search_term_string}"},"query-input":"required name=search_term_string"}],"inLanguage":"fr-FR"},{"@type":"Organization","@id":"https:\/\/actani.fr\/#organization","name":"ACT'ani","url":"https:\/\/actani.fr\/","logo":{"@type":"ImageObject","inLanguage":"fr-FR","@id":"https:\/\/actani.fr\/#\/schema\/logo\/image\/","url":"https:\/\/actani.fr\/wp-content\/uploads\/2020\/05\/cropped-cropped-Morgane-OK-1-1.png","contentUrl":"https:\/\/actani.fr\/wp-content\/uploads\/2020\/05\/cropped-cropped-Morgane-OK-1-1.png","width":512,"height":512,"caption":"ACT'ani"},"image":{"@id":"https:\/\/actani.fr\/#\/schema\/logo\/image\/"},"sameAs":["https:\/\/www.facebook.com\/MorganeACTAni","https:\/\/www.instagram.com\/actani_education\/"]}]}},"_links":{"self":[{"href":"https:\/\/actani.fr\/index.php\/wp-json\/wp\/v2\/pages\/1958"}],"collection":[{"href":"https:\/\/actani.fr\/index.php\/wp-json\/wp\/v2\/pages"}],"about":[{"href":"https:\/\/actani.fr\/index.php\/wp-json\/wp\/v2\/types\/page"}],"author":[{"embeddable":true,"href":"https:\/\/actani.fr\/index.php\/wp-json\/wp\/v2\/users\/1"}],"replies":[{"embeddable":true,"href":"https:\/\/actani.fr\/index.php\/wp-json\/wp\/v2\/comments?post=1958"}],"version-history":[{"count":8,"href":"https:\/\/actani.fr\/index.php\/wp-json\/wp\/v2\/pages\/1958\/revisions"}],"predecessor-version":[{"id":2081,"href":"https:\/\/actani.fr\/index.php\/wp-json\/wp\/v2\/pages\/1958\/revisions\/2081"}],"up":[{"embeddable":true,"href":"https:\/\/actani.fr\/index.php\/wp-json\/wp\/v2\/pages\/1493"}],"wp:featuredmedia":[{"embeddable":true,"href":"https:\/\/actani.fr\/index.php\/wp-json\/wp\/v2\/media\/1955"}],"wp:attachment":[{"href":"https:\/\/actani.fr\/index.php\/wp-json\/wp\/v2\/media?parent=1958"}],"curies":[{"name":"wp","href":"https:\/\/api.w.org\/{rel}","templated":true}]}}